{"id":618,"date":"2018-04-09T20:18:26","date_gmt":"2018-04-09T18:18:26","guid":{"rendered":"http:\/\/abte.eu\/?page_id=618"},"modified":"2019-05-10T15:25:32","modified_gmt":"2019-05-10T13:25:32","slug":"programme-sedibric-valorisation-de-sediments-en-briques-et-tuiles","status":"publish","type":"page","link":"https:\/\/abte.eu\/index.php\/ecotea\/programme-sedibric-valorisation-de-sediments-en-briques-et-tuiles\/","title":{"rendered":"Programme SEDIBRIC (valorisation de SEDIments en BRIQues et tuiles)"},"content":{"rendered":"<p><img loading=\"lazy\" decoding=\"async\" class=\"wp-image-307 alignleft\" src=\"http:\/\/abte.eu\/wp-content\/uploads\/2017\/04\/logo-R\u00e9gon-300x284.jpg\" alt=\"\" data-wp-editing=\"1\" width=\"137\" height=\"130\" srcset=\"https:\/\/abte.eu\/wp-content\/uploads\/2017\/04\/logo-R\u00e9gon-300x284.jpg 300w, https:\/\/abte.eu\/wp-content\/uploads\/2017\/04\/logo-R\u00e9gon-768x727.jpg 768w, https:\/\/abte.eu\/wp-content\/uploads\/2017\/04\/logo-R\u00e9gon-1024x969.jpg 1024w, https:\/\/abte.eu\/wp-content\/uploads\/2017\/04\/logo-R\u00e9gon.jpg 1200w\" sizes=\"auto, (max-width: 137px) 85vw, 137px\" \/><img loading=\"lazy\" decoding=\"async\" class=\"alignnone wp-image-993 size-full\" src=\"http:\/\/abte.eu\/wp-content\/uploads\/2019\/05\/ademe.png\" alt=\"\" width=\"125\" height=\"125\"><\/p>\n<p><!--more--><\/p>\n<p>&nbsp;<\/p>\n<p>Le projet <strong>SEDIBRIC<\/strong>, cofinanc\u00e9 par la R\u00e9gion Normandie et l&rsquo;ADEME (pour un montant global de 972 k\u20ac), regroupe 6 partenaires&nbsp;:<\/p>\n<ul>\n<li>Grand Port Maritime du Havre (coordinateur)<\/li>\n<li>CTMNC (Centre Technique des Mat\u00e9riaux Naturels de Construction)<\/li>\n<li>CRITT Transport &amp; Logistique<\/li>\n<li>ARMINES \u2013 G\u00e9osciences<\/li>\n<li>Universit\u00e9 Caen Normandie<strong> UR ABTE (ER EcoTEA)<\/strong><\/li>\n<li>Universit\u00e9 Le Havre Normandie UMR LOMC<\/li>\n<\/ul>\n<p>Ce projet s&rsquo;inscrit dans une d\u00e9marche prospective d\u2019\u00e9tude sur la valorisation des s\u00e9diments de dragage des ports du Havre et de Rouen ayant entre autre pour objectif la mise en place d\u2019un pilote pr\u00e9-industriel, s\u2019appuyant sur des produits en terre cuite fabriqu\u00e9s \u00e0 une \u00e9chelle r\u00e9duite dans des fours d\u00e9di\u00e9s (CTMNC).<\/p>\n<figure id=\"attachment_595\" aria-describedby=\"caption-attachment-595\" style=\"width: 300px\" class=\"wp-caption aligncenter\"><img loading=\"lazy\" decoding=\"async\" class=\"wp-image-595 size-medium\" src=\"http:\/\/abte.eu\/wp-content\/uploads\/2018\/04\/Briquettes-300x116.jpg\" alt=\"\" width=\"300\" height=\"116\" srcset=\"https:\/\/abte.eu\/wp-content\/uploads\/2018\/04\/Briquettes-300x116.jpg 300w, https:\/\/abte.eu\/wp-content\/uploads\/2018\/04\/Briquettes-768x296.jpg 768w, https:\/\/abte.eu\/wp-content\/uploads\/2018\/04\/Briquettes-1024x395.jpg 1024w, https:\/\/abte.eu\/wp-content\/uploads\/2018\/04\/Briquettes.jpg 1105w\" sizes=\"auto, (max-width: 300px) 85vw, 300px\" \/><figcaption id=\"caption-attachment-595\" class=\"wp-caption-text\">Exemples de briquettes extrud\u00e9es<\/figcaption><\/figure>\n<p>Dans ce projet, l&rsquo;ER EcoTEA est en charge de l&rsquo;\u00e9tude de la variabilit\u00e9 de la composition g\u00e9ochimique des d\u00e9p\u00f4ts r\u00e9guli\u00e8rement dragu\u00e9s, de la d\u00e9termination des \u00e9l\u00e9ments pouvant avoir un impact lors de la cuisson ou de l\u2019utilisation des produits finis, ainsi que de l&rsquo;\u00e9valuation des impacts environnementaux des produits de terre cuite r\u00e9alis\u00e9s \u00e0 partir de m\u00e9langes entre les mat\u00e9riaux naturels utilis\u00e9s par des industriels de la r\u00e9gion et les produits de dragage.<\/p>\n","protected":false},"excerpt":{"rendered":"","protected":false},"author":4,"featured_media":0,"parent":12,"menu_order":0,"comment_status":"closed","ping_status":"closed","template":"","meta":{"footnotes":""},"class_list":["post-618","page","type-page","status-publish","hentry"],"_links":{"self":[{"href":"https:\/\/abte.eu\/index.php\/wp-json\/wp\/v2\/pages\/618","targetHints":{"allow":["GET"]}}],"collection":[{"href":"https:\/\/abte.eu\/index.php\/wp-json\/wp\/v2\/pages"}],"about":[{"href":"https:\/\/abte.eu\/index.php\/wp-json\/wp\/v2\/types\/page"}],"author":[{"embeddable":true,"href":"https:\/\/abte.eu\/index.php\/wp-json\/wp\/v2\/users\/4"}],"replies":[{"embeddable":true,"href":"https:\/\/abte.eu\/index.php\/wp-json\/wp\/v2\/comments?post=618"}],"version-history":[{"count":3,"href":"https:\/\/abte.eu\/index.php\/wp-json\/wp\/v2\/pages\/618\/revisions"}],"predecessor-version":[{"id":995,"href":"https:\/\/abte.eu\/index.php\/wp-json\/wp\/v2\/pages\/618\/revisions\/995"}],"up":[{"embeddable":true,"href":"https:\/\/abte.eu\/index.php\/wp-json\/wp\/v2\/pages\/12"}],"wp:attachment":[{"href":"https:\/\/abte.eu\/index.php\/wp-json\/wp\/v2\/media?parent=618"}],"curies":[{"name":"wp","href":"https:\/\/api.w.org\/{rel}","templated":true}]}}