{"id":54,"date":"2016-12-23T12:18:35","date_gmt":"2016-12-23T11:18:35","guid":{"rendered":"http:\/\/abte.eu\/?page_id=54"},"modified":"2025-12-15T11:42:35","modified_gmt":"2025-12-15T10:42:35","slug":"plateformes","status":"publish","type":"page","link":"https:\/\/abte.eu\/index.php\/plateformes\/","title":{"rendered":"Plateformes"},"content":{"rendered":"\n<p class=\"has-text-align-center\"><a href=\"#biopca\"> Plateforme Bioproc\u00e9d\u00e9s et Analyses BioPCA<\/a><\/p>\n\n\n\n<p class=\"has-text-align-center\"><a href=\"#cbm\"> Centre de biodiversit\u00e9 des microorganismes<\/a><\/p>\n\n\n\n<h2 class=\"wp-block-heading\" id=\"biopca\"><strong>Plateforme Bioproc\u00e9d\u00e9s et Analyses BioPCA<\/strong><\/h2>\n\n\n\n<p>La plateforme <a href=\"https:\/\/abte.eu\/index.php\/plateformes\/biopca\/\">BioPCA<\/a> est d\u00e9di\u00e9e \u00e0 la recherche sur les (bio)proc\u00e9d\u00e9s \u00e9co-responsables pour la transformation microbiologique de gisements de bioressources locales en bioplastiques (synth\u00e8se de mat\u00e9riaux biosourc\u00e9s) ainsi que sur des m\u00e9thodologies de caract\u00e9risation de polluants organiques d\u2019origine anthropique tels que les hydrocarbures aromatiques et les microplastiques. L\u2019objectif est de d\u00e9terminer ces contaminants dans diff\u00e9rents milieux (sol, eau, air) et d\u2019\u00e9valuer leurs impacts dans des \u00e9chantillons environnementaux. Ces donn\u00e9es permettent de mieux comprendre le transfert et\/ou la transformation des polluants en cas d\u2019exposition.<br>Plus de pr\u00e9cisions <a href=\"https:\/\/abte.eu\/index.php\/plateformes\/biopca\/\">ici<\/a>.<\/p>\n\n\n\n<figure class=\"wp-block-image size-large\"><img loading=\"lazy\" decoding=\"async\" width=\"1024\" height=\"506\" src=\"https:\/\/abte.eu\/wp-content\/uploads\/2023\/09\/BioPCA1-1024x506.jpg\" alt=\"\" class=\"wp-image-2134\" srcset=\"https:\/\/abte.eu\/wp-content\/uploads\/2023\/09\/BioPCA1-1024x506.jpg 1024w, https:\/\/abte.eu\/wp-content\/uploads\/2023\/09\/BioPCA1-300x148.jpg 300w, https:\/\/abte.eu\/wp-content\/uploads\/2023\/09\/BioPCA1-768x380.jpg 768w, https:\/\/abte.eu\/wp-content\/uploads\/2023\/09\/BioPCA1-1200x593.jpg 1200w, https:\/\/abte.eu\/wp-content\/uploads\/2023\/09\/BioPCA1.jpg 1280w\" sizes=\"auto, (max-width: 709px) 85vw, (max-width: 909px) 67vw, (max-width: 1362px) 62vw, 840px\" \/><\/figure>\n\n\n\n<h2 class=\"wp-block-heading\" id=\"cbm\"><a name=\"Conobial\"><\/a><strong>Centre de biodiversit\u00e9 des microorganismes<\/strong><\/h2>\n\n\n\n<p class=\"has-text-align-left\">Le <a href=\"https:\/\/emerode.unicaen.fr\/plateformes\/cbm-centre-de-biodiversite-des-micro-organismes\/\" target=\"_blank\" rel=\"noreferrer noopener\">centre de biodiversit\u00e9 des microorganismes<\/a> est un service commun l&rsquo;Unit\u00e9 de Service <a href=\"https:\/\/emerode.unicaen.fr\/\" target=\"_blank\" rel=\"noreferrer noopener\">Emerode<\/a>. Il\u00a0regroupe deux collections existantes de micro-organismes de l\u2019UNICAEN : ALGOBANK-CAEN, collection riche de plus de 500 souches de souches de microalgues marines, saum\u00e2tres et dulcicoles destin\u00e9es principalement \u00e0 la recherche et \u00e0 l&rsquo;enseignement et la collection UCMA, collection de plus de trente ann\u00e9es d\u2019existence comptant actuellement environ 14000 isolats microbiens repr\u00e9sentant la biodiversit\u00e9 pass\u00e9e et pr\u00e9sente de souches majoritairement d\u2019int\u00e9r\u00eat technologique. Les souches de microalgues marines et les isolats microbiens sont collect\u00e9s et conserv\u00e9s ex situ afin de pouvoir servir de r\u00e9f\u00e9rence ou de base pour des travaux futurs.<br>L\u2019objectif de ce centre de microbiodiversit\u00e9 est d\u2019\u00eatre capable de fournir des \u00e9chantillons d\u2019esp\u00e8ces repr\u00e9sentatives ayant conserv\u00e9 leur potentiel complet et qui d\u00e9montrent des caract\u00e9ristiques typiques. Pour cela, les r\u00f4les cl\u00e9s des collections de l\u2019UNICAEN sont :<br>\u2022\u00a0\u00a0\u00a0 Conserver des ressources dans le respect de leur diversit\u00e9 \u00e9cologique et fonctionnelle<br>\u2022\u00a0\u00a0\u00a0 Rendre disponibles des souches pour leur utilisation r\u00e9guli\u00e8re et reproductible<br>\u2022\u00a0\u00a0\u00a0 Assurer la s\u00e9curit\u00e9, l\u2019entretien et la confidentialit\u00e9 des esp\u00e8ces d\u00e9pos\u00e9es<br>\u2022\u00a0\u00a0\u00a0 Fournir les informations concernant la source, la caract\u00e9risation, et l\u2019utilisation des souches.<br>Ces collections, en plus de leur r\u00f4le de conservation, sont en mesure de proposer des collaborations ou des prestations de services sur l\u2019am\u00e9lioration de m\u00e9thodes de cryoconservation, l\u2019identification g\u00e9n\u00e9tique des souches et la caract\u00e9risation des souches (croissance, signatures d\u2019\u00e9tat physiologique, propri\u00e9t\u00e9s technologiques\u2026)\u2026<\/p>\n\n\n\n<div class=\"ligne\">\n<div class=\"colonne premiere_colonne derniere_colonne\">\n<div class=\"colonne_deco\">\n<div class=\"style1\">&nbsp;<\/div>\n<div>&nbsp;<\/div>\n<\/div>\n<\/div>\n<\/div>\n","protected":false},"excerpt":{"rendered":"<p>Plateforme Bioproc\u00e9d\u00e9s et Analyses BioPCA Centre de biodiversit\u00e9 des microorganismes Plateforme Bioproc\u00e9d\u00e9s et Analyses BioPCA La plateforme BioPCA est d\u00e9di\u00e9e \u00e0 la recherche sur les (bio)proc\u00e9d\u00e9s \u00e9co-responsables pour la transformation microbiologique de gisements de bioressources locales en bioplastiques (synth\u00e8se de mat\u00e9riaux biosourc\u00e9s) ainsi que sur des m\u00e9thodologies de caract\u00e9risation de polluants organiques d\u2019origine anthropique tels &hellip; <a href=\"https:\/\/abte.eu\/index.php\/plateformes\/\" class=\"more-link\">Continuer la lecture<span class=\"screen-reader-text\"> de &laquo;&nbsp;Plateformes&nbsp;&raquo;<\/span><\/a><\/p>\n","protected":false},"author":1,"featured_media":0,"parent":0,"menu_order":0,"comment_status":"closed","ping_status":"closed","template":"","meta":{"footnotes":""},"class_list":["post-54","page","type-page","status-publish","hentry"],"_links":{"self":[{"href":"https:\/\/abte.eu\/index.php\/wp-json\/wp\/v2\/pages\/54","targetHints":{"allow":["GET"]}}],"collection":[{"href":"https:\/\/abte.eu\/index.php\/wp-json\/wp\/v2\/pages"}],"about":[{"href":"https:\/\/abte.eu\/index.php\/wp-json\/wp\/v2\/types\/page"}],"author":[{"embeddable":true,"href":"https:\/\/abte.eu\/index.php\/wp-json\/wp\/v2\/users\/1"}],"replies":[{"embeddable":true,"href":"https:\/\/abte.eu\/index.php\/wp-json\/wp\/v2\/comments?post=54"}],"version-history":[{"count":32,"href":"https:\/\/abte.eu\/index.php\/wp-json\/wp\/v2\/pages\/54\/revisions"}],"predecessor-version":[{"id":2699,"href":"https:\/\/abte.eu\/index.php\/wp-json\/wp\/v2\/pages\/54\/revisions\/2699"}],"wp:attachment":[{"href":"https:\/\/abte.eu\/index.php\/wp-json\/wp\/v2\/media?parent=54"}],"curies":[{"name":"wp","href":"https:\/\/api.w.org\/{rel}","templated":true}]}}