{"id":527,"date":"2017-12-01T09:08:21","date_gmt":"2017-12-01T08:08:21","guid":{"rendered":"http:\/\/abte.eu\/?page_id=527"},"modified":"2019-12-18T08:59:44","modified_gmt":"2019-12-18T07:59:44","slug":"projet-cesam","status":"publish","type":"page","link":"https:\/\/abte.eu\/index.php\/malim\/projet-cesam\/","title":{"rendered":"Projet CESam"},"content":{"rendered":"<h3 style=\"text-align: center;\"><strong>C\u00c9Sam\u00a0: Conception et \u00c9valuation de bio-barri\u00e8res multiples pour la ma\u00eetrise de bact\u00e9ries potentiellement pathog\u00e8nes dans la fili\u00e8re fromag\u00e8re AOP au lait cru de Normandie : application aux <em>Salmonella<\/em><\/strong><\/h3>\n<p><img loading=\"lazy\" decoding=\"async\" class=\"wp-image-307 alignleft\" src=\"http:\/\/abte.eu\/wp-content\/uploads\/2017\/04\/logo-R\u00e9gon-300x284.jpg\" alt=\"\" width=\"111\" height=\"105\" srcset=\"https:\/\/abte.eu\/wp-content\/uploads\/2017\/04\/logo-R\u00e9gon-300x284.jpg 300w, https:\/\/abte.eu\/wp-content\/uploads\/2017\/04\/logo-R\u00e9gon-768x727.jpg 768w, https:\/\/abte.eu\/wp-content\/uploads\/2017\/04\/logo-R\u00e9gon-1024x969.jpg 1024w, https:\/\/abte.eu\/wp-content\/uploads\/2017\/04\/logo-R\u00e9gon.jpg 1200w\" sizes=\"auto, (max-width: 111px) 85vw, 111px\" \/>\u00a0 \u00a0 \u00a0 \u00a0\u00a0<img loading=\"lazy\" decoding=\"async\" class=\"wp-image-470 alignnone\" src=\"http:\/\/abte.eu\/wp-content\/uploads\/2017\/10\/logo-FEDER.jpg\" alt=\"\" width=\"105\" height=\"106\" srcset=\"https:\/\/abte.eu\/wp-content\/uploads\/2017\/10\/logo-FEDER.jpg 274w, https:\/\/abte.eu\/wp-content\/uploads\/2017\/10\/logo-FEDER-150x150.jpg 150w\" sizes=\"auto, (max-width: 105px) 85vw, 105px\" \/>\u00a0 \u00a0 \u00a0\u00a0<img loading=\"lazy\" decoding=\"async\" class=\"alignnone wp-image-528\" src=\"http:\/\/abte.eu\/wp-content\/uploads\/2017\/12\/Association-des-AOP-300x233.png\" alt=\"\" width=\"145\" height=\"112\" srcset=\"https:\/\/abte.eu\/wp-content\/uploads\/2017\/12\/Association-des-AOP-300x233.png 300w, https:\/\/abte.eu\/wp-content\/uploads\/2017\/12\/Association-des-AOP-768x597.png 768w, https:\/\/abte.eu\/wp-content\/uploads\/2017\/12\/Association-des-AOP-1024x796.png 1024w, https:\/\/abte.eu\/wp-content\/uploads\/2017\/12\/Association-des-AOP-1200x933.png 1200w, https:\/\/abte.eu\/wp-content\/uploads\/2017\/12\/Association-des-AOP.png 1639w\" sizes=\"auto, (max-width: 145px) 85vw, 145px\" \/>\u00a0 \u00a0 \u00a0\u00a0<img loading=\"lazy\" decoding=\"async\" class=\"alignnone wp-image-529\" src=\"http:\/\/abte.eu\/wp-content\/uploads\/2017\/12\/Fromagerie-Gillot-300x227.jpg\" alt=\"\" width=\"133\" height=\"100\" srcset=\"https:\/\/abte.eu\/wp-content\/uploads\/2017\/12\/Fromagerie-Gillot-300x227.jpg 300w, https:\/\/abte.eu\/wp-content\/uploads\/2017\/12\/Fromagerie-Gillot.jpg 364w\" sizes=\"auto, (max-width: 133px) 85vw, 133px\" \/><\/p>\n<p><strong class=\"alignleft\">Ce projet est cofinanc\u00e9 par l\u2019Union europ\u00e9enne (<a href=\"https:\/\/ec.europa.eu\/regional_policy\/fr\/funding\/erdf\/\" target=\"_blank\" rel=\"noopener noreferrer\">FEDER<\/a>) \u00e0 hauteur de 116,5 k\u20ac et par la R\u00e9gion Normandie \u00e0 hauteur de 174,7 k\u20ac<\/strong><\/p>\n<p><img loading=\"lazy\" decoding=\"async\" class=\"wp-image-530 alignleft\" src=\"http:\/\/abte.eu\/wp-content\/uploads\/2017\/12\/fromage1-300x225.jpg\" alt=\"\" width=\"163\" height=\"122\" srcset=\"https:\/\/abte.eu\/wp-content\/uploads\/2017\/12\/fromage1-300x225.jpg 300w, https:\/\/abte.eu\/wp-content\/uploads\/2017\/12\/fromage1.jpg 543w\" sizes=\"auto, (max-width: 163px) 85vw, 163px\" \/><\/p>\n<p>Le projet CESam a pour objectif de d\u00e9tecter et mettre en interaction de fa\u00e7on innovante des micro-organismes au sein de communaut\u00e9s pour maximiser leur effet barri\u00e8re vis \u00e0 vis d\u2019agents bact\u00e9riens ind\u00e9sirables, qui peuvent \u00eatre rencontr\u00e9s notamment en transformations fromag\u00e8res AOP au lait cru en Normandie.<\/p>\n<p>Il s\u2019agira \u00e0 la fois :<\/p>\n<ul>\n<li>de d\u00e9velopper une m\u00e9thodologie pour un criblage \u00e0 haut d\u00e9bit des agents microbiens potentiellement inhibiteurs, innovante car ciblant simultan\u00e9ment des modes d\u2019interaction vari\u00e9s<img loading=\"lazy\" decoding=\"async\" class=\" wp-image-532 alignleft\" src=\"http:\/\/abte.eu\/wp-content\/uploads\/2017\/12\/fromage3-300x225.jpg\" alt=\"\" width=\"227\" height=\"170\" srcset=\"https:\/\/abte.eu\/wp-content\/uploads\/2017\/12\/fromage3-300x225.jpg 300w, https:\/\/abte.eu\/wp-content\/uploads\/2017\/12\/fromage3.jpg 538w\" sizes=\"auto, (max-width: 227px) 85vw, 227px\" \/><\/li>\n<li>de caract\u00e9riser les agents inhibiteurs et les \u00e9valuer <em>in vitro<\/em>,<\/li>\n<li>de cribler, en grand nombre, divers types d\u2019agents microbiens potentiellement inhibiteurs (bact\u00e9ries, champignons microscopiques, mais aussi bact\u00e9riophages) en collection au sein du <a href=\"https:\/\/www.fromage-normandie.com\/fr\/actualites\/divers\/conobial-des-projets-recherche-pour-perenniser-les-filiere-aop,218.html\">Conservatoire Normand de la Microbiodiversit\u00e9 Alimentaire (CONOBIAL<\/a>), qui sera de plus, dans le cadre de l\u2019op\u00e9ration, enrichie par de nouveaux isolats. Le criblage sera r\u00e9alis\u00e9 contre des souches ind\u00e9sirables sp\u00e9cifiquement impliqu\u00e9es en Normandie,<img loading=\"lazy\" decoding=\"async\" class=\" wp-image-531 alignright\" src=\"http:\/\/abte.eu\/wp-content\/uploads\/2017\/12\/fromage2-300x234.jpg\" alt=\"\" width=\"248\" height=\"193\" srcset=\"https:\/\/abte.eu\/wp-content\/uploads\/2017\/12\/fromage2-300x234.jpg 300w, https:\/\/abte.eu\/wp-content\/uploads\/2017\/12\/fromage2.jpg 524w\" sizes=\"auto, (max-width: 248px) 85vw, 248px\" \/><\/li>\n<li>de construire des associations \u00ab intelligentes \u00bb d\u2019agents inhibiteurs et les valider en mod\u00e8les <em>in vitro<\/em>,<\/li>\n<li>d\u2019exp\u00e9rimenter des associations s\u00e9lectionn\u00e9es en transformation fromag\u00e8re AOP et d\u2019y suivre leur implantation et leurs interactions avec le process, en ciblant deux technologies et trois ateliers,<\/li>\n<li>de transf\u00e9rer les savoirs obtenus aupr\u00e8s de la fili\u00e8re AOP.<\/li>\n<\/ul>\n<p>La finalit\u00e9 est d\u2019accro\u00eetre la ma\u00eetrise des qualit\u00e9s des fromages pour mieux satisfaire les consommateurs.<\/p>\n","protected":false},"excerpt":{"rendered":"<p>C\u00c9Sam\u00a0: Conception et \u00c9valuation de bio-barri\u00e8res multiples pour la ma\u00eetrise de bact\u00e9ries potentiellement pathog\u00e8nes dans la fili\u00e8re fromag\u00e8re AOP au lait cru de Normandie : application aux Salmonella \u00a0 \u00a0 \u00a0 \u00a0\u00a0\u00a0 \u00a0 \u00a0\u00a0\u00a0 \u00a0 \u00a0\u00a0 Ce projet est cofinanc\u00e9 par l\u2019Union europ\u00e9enne (FEDER) \u00e0 hauteur de 116,5 k\u20ac et par la R\u00e9gion Normandie \u00e0 &hellip; <a href=\"https:\/\/abte.eu\/index.php\/malim\/projet-cesam\/\" class=\"more-link\">Continuer la lecture<span class=\"screen-reader-text\"> de &laquo;&nbsp;Projet CESam&nbsp;&raquo;<\/span><\/a><\/p>\n","protected":false},"author":2,"featured_media":0,"parent":14,"menu_order":0,"comment_status":"closed","ping_status":"closed","template":"","meta":{"footnotes":""},"class_list":["post-527","page","type-page","status-publish","hentry"],"_links":{"self":[{"href":"https:\/\/abte.eu\/index.php\/wp-json\/wp\/v2\/pages\/527","targetHints":{"allow":["GET"]}}],"collection":[{"href":"https:\/\/abte.eu\/index.php\/wp-json\/wp\/v2\/pages"}],"about":[{"href":"https:\/\/abte.eu\/index.php\/wp-json\/wp\/v2\/types\/page"}],"author":[{"embeddable":true,"href":"https:\/\/abte.eu\/index.php\/wp-json\/wp\/v2\/users\/2"}],"replies":[{"embeddable":true,"href":"https:\/\/abte.eu\/index.php\/wp-json\/wp\/v2\/comments?post=527"}],"version-history":[{"count":7,"href":"https:\/\/abte.eu\/index.php\/wp-json\/wp\/v2\/pages\/527\/revisions"}],"predecessor-version":[{"id":1162,"href":"https:\/\/abte.eu\/index.php\/wp-json\/wp\/v2\/pages\/527\/revisions\/1162"}],"up":[{"embeddable":true,"href":"https:\/\/abte.eu\/index.php\/wp-json\/wp\/v2\/pages\/14"}],"wp:attachment":[{"href":"https:\/\/abte.eu\/index.php\/wp-json\/wp\/v2\/media?parent=527"}],"curies":[{"name":"wp","href":"https:\/\/api.w.org\/{rel}","templated":true}]}}