{"id":33,"date":"2016-12-22T19:55:58","date_gmt":"2016-12-22T18:55:58","guid":{"rendered":"http:\/\/abte.eu\/?page_id=33"},"modified":"2025-06-02T09:19:33","modified_gmt":"2025-06-02T07:19:33","slug":"contact","status":"publish","type":"page","link":"https:\/\/abte.eu\/index.php\/contact\/","title":{"rendered":"Contact"},"content":{"rendered":"<p><img loading=\"lazy\" decoding=\"async\" class=\"wp-image-1528 alignnone\" src=\"https:\/\/abte.eu\/wp-content\/uploads\/2021\/02\/enveloppe-300x212-1.jpg\" alt=\"\" width=\"138\" height=\"98\" \/><\/p>\n<p>ABTE, IUT Grand Ouest Normandie, Campus 2, Boulevard Mar\u00e9chal Juin, CS14032,<br \/>\n14032 CAEN Cedex<\/p>\n<p><span id=\"adresse\">ABTE, UFR de M\u00e9decine et de Pharmacie, 22 Boulevard Gambetta, CS 76183,<br \/>\n76183 ROUEN Cedex 1<\/span><\/p>\n<p><img loading=\"lazy\" decoding=\"async\" class=\"alignnone size-full wp-image-1529\" src=\"https:\/\/abte.eu\/wp-content\/uploads\/2021\/02\/ordinateur.jpg\" alt=\"\" width=\"127\" height=\"95\" \/><\/p>\n<p>contact@abte.eu<\/p>\n<h4>Mentions l\u00e9gales :<\/h4>\n<p>ABTE EA4651, Universit\u00e9 de Caen-Normandie<\/p>\n<p>IUT Grand Ouest Normandie, Campus 2, Boulevard Mar\u00e9chal Juin, CS14032, 14032 CAEN Cedex<\/p>\n<p>Directeur de publication : J\u00e9r\u00f4me Ledauphin<\/p>\n<p>contact@abte.eu\u00a0\u00a0\u00a0 Tel : 02.31.56.72.19<\/p>\n<p>H\u00e9bergeur : OVH<\/p>\n<p>L&rsquo;ensemble de ce site rel\u00e8ve de la l\u00e9gislation fran\u00e7aise et internationale sur le droit d&rsquo;auteur et la propri\u00e9t\u00e9 intellectuelle. Tous les droits de reproduction sont r\u00e9serv\u00e9s, y compris pour les documents t\u00e9l\u00e9chargeables et les repr\u00e9sentations iconographiques et photographiques. La reproduction de tout ou partie de ce site sur un support \u00e9lectronique quel qu&rsquo;il soit est formellement interdite sauf autorisation expresse du directeur de la publication.<\/p>\n<h2><\/h2>\n<h4>Politique de confidentialit\u00e9<\/h4>\n<h5>Qui sommes-nous\u00a0?<\/h5>\n<p>L\u2019adresse de notre site Web est\u00a0: http:\/\/abte.eu.<\/p>\n<h5>Utilisation des donn\u00e9es personnelles collect\u00e9es<\/h5>\n<h6>M\u00e9dias<\/h6>\n<p>Si vous \u00eates un utilisateur ou une utilisatrice enregistr\u00e9\u00b7e et que vous t\u00e9l\u00e9versez des images sur le site web, nous vous conseillons d\u2019\u00e9viter de t\u00e9l\u00e9verser des images contenant des donn\u00e9es EXIF de coordonn\u00e9es GPS. Les visiteurs de votre site web peuvent t\u00e9l\u00e9charger et extraire des donn\u00e9es de localisation depuis ces images.<\/p>\n<h6>Cookies<\/h6>\n<p>Si vous avez un compte et que vous vous connectez sur ce site, un cookie temporaire sera cr\u00e9\u00e9 afin de d\u00e9terminer si votre navigateur accepte les cookies. Il ne contient pas de donn\u00e9es personnelles et sera supprim\u00e9 automatiquement \u00e0 la fermeture de votre navigateur.<\/p>\n<p>Lorsque vous vous connecterez, nous mettrons en place un certain nombre de cookies pour enregistrer vos informations de connexion et vos pr\u00e9f\u00e9rences d\u2019\u00e9cran. La dur\u00e9e de vie d\u2019un cookie de connexion est de deux jours, celle d\u2019un cookie d\u2019option d\u2019\u00e9cran est d\u2019un an. Si vous cochez \u00ab\u00a0Se souvenir de moi\u00a0\u00bb, votre cookie de connexion sera conserv\u00e9 pendant deux semaines. Si vous vous d\u00e9connectez de votre compte, le cookie de connexion sera effac\u00e9.<\/p>\n<p>En modifiant ou en publiant un article, un cookie suppl\u00e9mentaire sera enregistr\u00e9 dans votre navigateur. Ce cookie ne comprend aucune donn\u00e9e personnelle. Il indique simplement l\u2019identifiant de l\u2019article que vous venez de modifier. Il expire au bout d\u2019un jour.<\/p>\n<h6>Contenu embarqu\u00e9 depuis d\u2019autres sites<\/h6>\n<p>Les articles de ce site peuvent inclure des contenus int\u00e9gr\u00e9s (par exemple des vid\u00e9os, images, articles\u2026). Le contenu int\u00e9gr\u00e9 depuis d\u2019autres sites se comporte de la m\u00eame mani\u00e8re que si le visiteur se rendait sur cet autre site.<\/p>\n<p>Ces sites web pourraient collecter des donn\u00e9es sur vous, utiliser des cookies, embarquer des outils de suivis tiers, suivre vos interactions avec ces contenus embarqu\u00e9s si vous disposez d\u2019un compte connect\u00e9 sur leur site web.<\/p>\n<h5>Utilisation et transmission de vos donn\u00e9es personnelles<\/h5>\n<h6>Dur\u00e9es de stockage de vos donn\u00e9es<\/h6>\n<p>Pour les utilisateurs et utilisatrices qui s\u2019enregistrent sur notre site, nous stockons \u00e9galement les donn\u00e9es personnelles indiqu\u00e9es dans leur profil. Tous les utilisateurs et utilisatrices peuvent voir, modifier ou supprimer leurs informations personnelles \u00e0 tout moment (\u00e0 l\u2019exception de leur nom d\u2019utilisateur\u00b7ice). Les gestionnaires du site peuvent aussi voir et modifier ces informations.<\/p>\n<h5>Les droits que vous avez sur vos donn\u00e9es<\/h5>\n<p>Si vous avez un compte ou si vous avez laiss\u00e9 des commentaires sur le site, vous pouvez demander \u00e0 recevoir un fichier contenant toutes les donn\u00e9es personnelles que nous poss\u00e9dons \u00e0 votre sujet, incluant celles que vous nous avez fournies. Vous pouvez \u00e9galement demander la suppression des donn\u00e9es personnelles vous concernant. Cela ne prend pas en compte les donn\u00e9es stock\u00e9es \u00e0 des fins administratives, l\u00e9gales ou pour des raisons de s\u00e9curit\u00e9.<\/p>\n","protected":false},"excerpt":{"rendered":"<p>ABTE, IUT Grand Ouest Normandie, Campus 2, Boulevard Mar\u00e9chal Juin, CS14032, 14032 CAEN Cedex ABTE, UFR de M\u00e9decine et de Pharmacie, 22 Boulevard Gambetta, CS 76183, 76183 ROUEN Cedex 1 contact@abte.eu Mentions l\u00e9gales : ABTE EA4651, Universit\u00e9 de Caen-Normandie IUT Grand Ouest Normandie, Campus 2, Boulevard Mar\u00e9chal Juin, CS14032, 14032 CAEN Cedex Directeur de publication &hellip; <a href=\"https:\/\/abte.eu\/index.php\/contact\/\" class=\"more-link\">Continuer la lecture<span class=\"screen-reader-text\"> de &laquo;&nbsp;Contact&nbsp;&raquo;<\/span><\/a><\/p>\n","protected":false},"author":1,"featured_media":0,"parent":0,"menu_order":0,"comment_status":"closed","ping_status":"closed","template":"","meta":{"footnotes":""},"class_list":["post-33","page","type-page","status-publish","hentry"],"_links":{"self":[{"href":"https:\/\/abte.eu\/index.php\/wp-json\/wp\/v2\/pages\/33","targetHints":{"allow":["GET"]}}],"collection":[{"href":"https:\/\/abte.eu\/index.php\/wp-json\/wp\/v2\/pages"}],"about":[{"href":"https:\/\/abte.eu\/index.php\/wp-json\/wp\/v2\/types\/page"}],"author":[{"embeddable":true,"href":"https:\/\/abte.eu\/index.php\/wp-json\/wp\/v2\/users\/1"}],"replies":[{"embeddable":true,"href":"https:\/\/abte.eu\/index.php\/wp-json\/wp\/v2\/comments?post=33"}],"version-history":[{"count":16,"href":"https:\/\/abte.eu\/index.php\/wp-json\/wp\/v2\/pages\/33\/revisions"}],"predecessor-version":[{"id":2545,"href":"https:\/\/abte.eu\/index.php\/wp-json\/wp\/v2\/pages\/33\/revisions\/2545"}],"wp:attachment":[{"href":"https:\/\/abte.eu\/index.php\/wp-json\/wp\/v2\/media?parent=33"}],"curies":[{"name":"wp","href":"https:\/\/api.w.org\/{rel}","templated":true}]}}