{"id":2695,"date":"2025-12-15T11:32:02","date_gmt":"2025-12-15T10:32:02","guid":{"rendered":"https:\/\/abte.eu\/?page_id=2695"},"modified":"2025-12-18T20:49:57","modified_gmt":"2025-12-18T19:49:57","slug":"programmes","status":"publish","type":"page","link":"https:\/\/abte.eu\/index.php\/programmes\/","title":{"rendered":"Programmes"},"content":{"rendered":"\n<p class=\"has-text-align-center\"><strong>2025<\/strong><\/p>\n\n\n\n<p class=\"has-text-align-center\"><strong>2024<\/strong><\/p>\n\n\n\n<p><strong>Avril 2024 <\/strong>: Programme <strong>ValAraig <\/strong>(Valorisation des Araign\u00e9es de mer, s\u00e9paration de la chair et introduction sur le march\u00e9) &#8211; <em>Porteur<\/em> : Soci\u00e9t\u00e9 Mers et Terroirs &#8211; <em>Partenaires<\/em> : Soci\u00e9t\u00e9 Mers et Terroirs, Universit\u00e9 de Caen Normandie (UR ABTE) &#8211; <em>Porteur ABTE<\/em> : J\u00e9r\u00f4me Ledauphin &#8211; <em>Financement<\/em> : FEAMPA (fonds europ\u00e9ens, R\u00e9gion Normandie)<\/p>\n\n\n\n<figure class=\"wp-block-image size-large\"><img loading=\"lazy\" decoding=\"async\" width=\"1024\" height=\"94\" src=\"https:\/\/abte.eu\/wp-content\/uploads\/2025\/12\/2024-ValAraig-Logo-1024x94.jpg\" alt=\"\" class=\"wp-image-2710\" srcset=\"https:\/\/abte.eu\/wp-content\/uploads\/2025\/12\/2024-ValAraig-Logo-1024x94.jpg 1024w, https:\/\/abte.eu\/wp-content\/uploads\/2025\/12\/2024-ValAraig-Logo-300x28.jpg 300w, https:\/\/abte.eu\/wp-content\/uploads\/2025\/12\/2024-ValAraig-Logo-768x71.jpg 768w, https:\/\/abte.eu\/wp-content\/uploads\/2025\/12\/2024-ValAraig-Logo.jpg 1192w\" sizes=\"auto, (max-width: 709px) 85vw, (max-width: 909px) 67vw, (max-width: 1362px) 62vw, 840px\" \/><\/figure>\n\n\n\n<p class=\"has-text-align-center\"><strong>2023<\/strong><\/p>\n\n\n\n<p class=\"has-text-align-center\"><strong>2022<\/strong><\/p>\n\n\n\n<p class=\"has-text-align-center\"><strong>2021<\/strong><\/p>\n\n\n\n<p><strong>Septembre 2021<\/strong> : Programme <strong>SO&rsquo;DIFF<\/strong> (Identification et s\u00e9lection de souches autochtones diff\u00e9renciantes en fromagerie) &#8211; <em>Porteur Programme<\/em> : ACTALIA &#8211; <em>Partenaires<\/em> : ACTALIA, Universit\u00e9 de Caen Normandie (UR ABTE), Ecole Nationale d&rsquo;Industrie du Lait et des Viandes (ENILV), Savo\u00eecime &#8211; <em>Porteurs ABTE<\/em> : J\u00e9r\u00f4me Ledauphin et Nathalie Desmasures &#8211; <em>Financement<\/em> : CASDAR (Minist\u00e8re de l&rsquo;Agriculture) et Savo\u00eecime (ODG de la Tomme de Savoie)<\/p>\n\n\n\n<figure class=\"wp-block-image size-large\"><img loading=\"lazy\" decoding=\"async\" width=\"1024\" height=\"94\" src=\"https:\/\/abte.eu\/wp-content\/uploads\/2025\/12\/2021-SODIFF-Logo-1-1024x94.jpg\" alt=\"\" class=\"wp-image-2714\" srcset=\"https:\/\/abte.eu\/wp-content\/uploads\/2025\/12\/2021-SODIFF-Logo-1-1024x94.jpg 1024w, https:\/\/abte.eu\/wp-content\/uploads\/2025\/12\/2021-SODIFF-Logo-1-300x28.jpg 300w, https:\/\/abte.eu\/wp-content\/uploads\/2025\/12\/2021-SODIFF-Logo-1-768x71.jpg 768w, https:\/\/abte.eu\/wp-content\/uploads\/2025\/12\/2021-SODIFF-Logo-1-1200x111.jpg 1200w, https:\/\/abte.eu\/wp-content\/uploads\/2025\/12\/2021-SODIFF-Logo-1.jpg 1203w\" sizes=\"auto, (max-width: 709px) 85vw, (max-width: 909px) 67vw, (max-width: 1362px) 62vw, 840px\" \/><\/figure>\n\n\n\n<p><\/p>\n","protected":false},"excerpt":{"rendered":"<p>2025 2024 Avril 2024 : Programme ValAraig (Valorisation des Araign\u00e9es de mer, s\u00e9paration de la chair et introduction sur le march\u00e9) &#8211; Porteur : Soci\u00e9t\u00e9 Mers et Terroirs &#8211; Partenaires : Soci\u00e9t\u00e9 Mers et Terroirs, Universit\u00e9 de Caen Normandie (UR ABTE) &#8211; Porteur ABTE : J\u00e9r\u00f4me Ledauphin &#8211; Financement : FEAMPA (fonds europ\u00e9ens, R\u00e9gion Normandie) &hellip; <a href=\"https:\/\/abte.eu\/index.php\/programmes\/\" class=\"more-link\">Continuer la lecture<span class=\"screen-reader-text\"> de &laquo;&nbsp;Programmes&nbsp;&raquo;<\/span><\/a><\/p>\n","protected":false},"author":1,"featured_media":0,"parent":0,"menu_order":0,"comment_status":"closed","ping_status":"closed","template":"","meta":{"footnotes":""},"class_list":["post-2695","page","type-page","status-publish","hentry"],"_links":{"self":[{"href":"https:\/\/abte.eu\/index.php\/wp-json\/wp\/v2\/pages\/2695","targetHints":{"allow":["GET"]}}],"collection":[{"href":"https:\/\/abte.eu\/index.php\/wp-json\/wp\/v2\/pages"}],"about":[{"href":"https:\/\/abte.eu\/index.php\/wp-json\/wp\/v2\/types\/page"}],"author":[{"embeddable":true,"href":"https:\/\/abte.eu\/index.php\/wp-json\/wp\/v2\/users\/1"}],"replies":[{"embeddable":true,"href":"https:\/\/abte.eu\/index.php\/wp-json\/wp\/v2\/comments?post=2695"}],"version-history":[{"count":5,"href":"https:\/\/abte.eu\/index.php\/wp-json\/wp\/v2\/pages\/2695\/revisions"}],"predecessor-version":[{"id":2715,"href":"https:\/\/abte.eu\/index.php\/wp-json\/wp\/v2\/pages\/2695\/revisions\/2715"}],"wp:attachment":[{"href":"https:\/\/abte.eu\/index.php\/wp-json\/wp\/v2\/media?parent=2695"}],"curies":[{"name":"wp","href":"https:\/\/api.w.org\/{rel}","templated":true}]}}