{"id":2131,"date":"2023-09-13T17:12:53","date_gmt":"2023-09-13T15:12:53","guid":{"rendered":"https:\/\/abte.eu\/?page_id=2131"},"modified":"2023-09-13T18:08:39","modified_gmt":"2023-09-13T16:08:39","slug":"biopca","status":"publish","type":"page","link":"https:\/\/abte.eu\/index.php\/plateformes\/biopca\/","title":{"rendered":"BioPCA"},"content":{"rendered":"\n<h2 class=\"wp-block-heading\"><strong>Plateforme BioProc\u00e9d\u00e9s et Analyses &#8211; BioPCA<\/strong><\/h2>\n\n\n\n<p>La&nbsp;plateforme BioPCA en cr\u00e9ation a pour objectifs (1) de d\u00e9velopper des (bio)proc\u00e9d\u00e9s \u00e9co-responsables pour la&nbsp;transformation microbiologique de gisements de&nbsp;bioressources locales en&nbsp;bioplastiques (synth\u00e8se de mat\u00e9riaux biosourc\u00e9s) et (2) d\u2019accompagner des recherches&nbsp;sur des m\u00e9thodologies de&nbsp;caract\u00e9risation de polluants organiques d\u2019origine&nbsp;anthropique tels que les hydrocarbures aromatiques et les microplastiques.&nbsp;La d\u00e9termination de ces contaminants dans diff\u00e9rents milieux (sol,&nbsp;eau, air) permettra d\u2019\u00e9valuer leurs impacts dans des&nbsp;\u00e9chantillons environnementaux et de mieux comprendre le transfert et\/ou la transformation&nbsp;des&nbsp;polluants en cas d\u2019exposition.<\/p>\n\n\n\n<p>La plateforme BioPCA est localis\u00e9e sur&nbsp;le&nbsp;Campus 2 de l\u2019Universit\u00e9 de Caen Normandie ; elle s\u2019appuie sur la mise \u00e0&nbsp;disposition de nombreux moyens mat\u00e9riels de&nbsp;l\u2019\u00e9quipe \u00ab Ecoproc\u00e9d\u00e9s, Transferts&nbsp;vers l\u2019Environnement et les Aliments \u00bb (EcoTEA) de l\u2019UR ABTE.<\/p>\n\n\n\n<figure class=\"wp-block-image size-large\"><img loading=\"lazy\" decoding=\"async\" width=\"1024\" height=\"506\" src=\"https:\/\/abte.eu\/wp-content\/uploads\/2023\/09\/BioPCA1-1024x506.jpg\" alt=\"\" class=\"wp-image-2134\" srcset=\"https:\/\/abte.eu\/wp-content\/uploads\/2023\/09\/BioPCA1-1024x506.jpg 1024w, https:\/\/abte.eu\/wp-content\/uploads\/2023\/09\/BioPCA1-300x148.jpg 300w, https:\/\/abte.eu\/wp-content\/uploads\/2023\/09\/BioPCA1-768x380.jpg 768w, https:\/\/abte.eu\/wp-content\/uploads\/2023\/09\/BioPCA1-1200x593.jpg 1200w, https:\/\/abte.eu\/wp-content\/uploads\/2023\/09\/BioPCA1.jpg 1280w\" sizes=\"auto, (max-width: 709px) 85vw, (max-width: 909px) 67vw, (max-width: 1362px) 62vw, 840px\" \/><\/figure>\n\n\n\n<h3 class=\"wp-block-heading\">Equipements<\/h3>\n\n\n\n<h5 class=\"wp-block-heading\"><strong>Un plateau \u00ab Bioproc\u00e9d\u00e9s \u00bb<\/strong><\/h5>\n\n\n\n<ul class=\"wp-block-list\">\n<li>Un Bior\u00e9acteur a\u00e9r\u00e9 de 40 L<\/li>\n\n\n\n<li>Un Bior\u00e9acteur a\u00e9r\u00e9 de 7 L<\/li>\n\n\n\n<li>Un Bior\u00e9acteur a\u00e9r\u00e9 de 2 L<\/li>\n\n\n\n<li>Deux Centrifugeuses<\/li>\n\n\n\n<li>Un Broyeur cellulaire \u00e0 haute pression<\/li>\n\n\n\n<li>Deux Pilotes de s\u00e9paration (filtration et distillation membranaires)<\/li>\n<\/ul>\n\n\n\n<h5 class=\"wp-block-heading\">Un plateau \u00ab Analyses chimiques et physiques \u00bb<\/h5>\n\n\n\n<p><\/p>\n\n\n\n<ul class=\"wp-block-list\">\n<li>Un appareil de GC-MS\/MS (Spectrom\u00e8tre de masse de type triple quadrip\u00f4le)<\/li>\n\n\n\n<li>Un appareil de GC-MS (Spectrom\u00e8tre de masse de type Trappe \u00e0 Ions)<\/li>\n\n\n\n<li>Un appareil de GC-MS (Spectrom\u00e8tre de masse de type simple quadrip\u00f4le)<\/li>\n\n\n\n<li>Un appareil de GC\/LC-HRMS (Spectrom\u00e8tre de masse de type IMS\/QTOF)<\/li>\n\n\n\n<li>Un Porom\u00e8tre<\/li>\n\n\n\n<li>Un Rh\u00e9om\u00e8tre<\/li>\n\n\n\n<li>Un Goniom\u00e8tre<\/li>\n\n\n\n<li>Un Tensiom\u00e8tre<\/li>\n<\/ul>\n\n\n\n<h3 class=\"wp-block-heading\">Moyens humains<\/h3>\n\n\n\n<ul class=\"wp-block-list\">\n<li>Permanents : 15 Enseignants-Chercheurs (20% de leur temps, total : 3 ETP)<\/li>\n\n\n\n<li>Personnel permanent : 1 ASI (20% de son temps, total : 0,2 ETP)<\/li>\n\n\n\n<li>Personnels BIATSS en CDD : 1 IGR, 1 IGE (25% de leur temps, total : 0,5 ETP)<\/li>\n<\/ul>\n\n\n\n<h3 class=\"wp-block-heading\">Responsables<\/h3>\n\n\n\n<ul class=\"wp-block-list\">\n<li>J\u00e9r\u00f4me LEDAUPHIN (expert en chimie analytique) <a href=\"mailto:Jerome.ledauphin@unicaen.fr\">Jerome.ledauphin@unicaen.fr<\/a><\/li>\n\n\n\n<li>Responsable scientifique adjoint&nbsp;: Jo\u00ebl BREARD (expert en&nbsp;mat\u00e9riaux biosourc\u00e9s) <a href=\"mailto:Joel.breard@unicaen.fr\">Joel.breard@unicaen.fr<\/a><\/li>\n\n\n\n<li>Responsable administratif et technique&nbsp;: Beno\u00eet BASSET <a href=\"mailto:Benoit.basset@unicaen.fr\">Benoit.basset@unicaen.fr<\/a><\/li>\n\n\n\n<li>Secr\u00e9tariat : 02 31 56 72 19<\/li>\n<\/ul>\n\n\n\n<figure class=\"wp-block-image size-large\"><img loading=\"lazy\" decoding=\"async\" width=\"1024\" height=\"598\" src=\"https:\/\/abte.eu\/wp-content\/uploads\/2023\/09\/BioPCA2-1024x598.jpg\" alt=\"\" class=\"wp-image-2136\" srcset=\"https:\/\/abte.eu\/wp-content\/uploads\/2023\/09\/BioPCA2-1024x598.jpg 1024w, https:\/\/abte.eu\/wp-content\/uploads\/2023\/09\/BioPCA2-300x175.jpg 300w, https:\/\/abte.eu\/wp-content\/uploads\/2023\/09\/BioPCA2-768x449.jpg 768w, https:\/\/abte.eu\/wp-content\/uploads\/2023\/09\/BioPCA2-1200x701.jpg 1200w, https:\/\/abte.eu\/wp-content\/uploads\/2023\/09\/BioPCA2.jpg 1280w\" sizes=\"auto, (max-width: 709px) 85vw, (max-width: 909px) 67vw, (max-width: 1362px) 62vw, 840px\" \/><\/figure>\n\n\n\n<h3 class=\"wp-block-heading\"><strong>Partenariats et financement<\/strong><\/h3>\n\n\n\n<p>Le financement EquipInnovCaen2022 de la plateforme BioPCA est intimement li\u00e9e au projet&nbsp;d\u2019\u00e9tablissement de l\u2019UCN en permettant de renforcer ses atouts&nbsp;diff\u00e9renciants&nbsp;dans les domaines des mat\u00e9riaux et de la chimie, en favorisant le ressourcement&nbsp;scientifique autour de&nbsp;sp\u00e9cialit\u00e9s \u00e9mergentes au c\u0153ur de fortes attentes&nbsp;r\u00e9gionales, telles que l\u2019exploitation de mat\u00e9riaux biosourc\u00e9s.<\/p>\n\n\n\n<p>Du point de vue de la valorisation et du transfert, la Plateforme BioPCA vise les th\u00e9matiques prioritaires du dispositif Normandie Recherche \u2013 Plateforme et Infrastructures de recherche avec :<\/p>\n\n\n\n<p>\u2022&nbsp;&nbsp;&nbsp;&nbsp;&nbsp;&nbsp;&nbsp;&nbsp; la valorisation et la pr\u00e9servation d\u2019agro-ressources en les impl\u00e9mentant dans les proc\u00e9d\u00e9s de synth\u00e8se de nouveaux mat\u00e9riaux biosourc\u00e9s incluant les bioplastiques, en partenariat avec des industriels r\u00e9gionaux (ESTENER, SAIPOL, Groupe DEPESTELE, sp\u00e9cialis\u00e9 dans la transformation du lin textile et partenaire de l\u2019\u00e9quipe EcoTEA au sein du LabCom ANR FLAXLAB).<\/p>\n\n\n\n<p>\u2022&nbsp;&nbsp;&nbsp;&nbsp;&nbsp;&nbsp;&nbsp;&nbsp; la caract\u00e9risation d\u2019\u00e9chantillons environnementaux pour d\u00e9terminer leur contenu en polluants organiques et l\u2019\u00e9mergence d\u2019un observatoire de la qualit\u00e9 de l\u2019air en Hydrocarbures Aromatiques Polycycliques (en lien avec le r\u00e9seau ATMO Normandie) ainsi que la participation au suivi de polluants de type microplastiques (en lien avec le CREC et le C\u00e8dre),<\/p>\n\n\n\n<p>\u2022&nbsp;&nbsp;&nbsp;&nbsp;&nbsp;&nbsp;&nbsp;&nbsp; son int\u00e9gration dans une d\u00e9marche de sciences participatives (selon les crit\u00e8res du label \u00ab Sciences Avec et Pour la Soci\u00e9t\u00e9 \u00bb) en partenariat avec Le D\u00f4me,<\/p>\n\n\n\n<p><em>Le projet EquipInnovCaen2022 \u2013 BioPCA est financ\u00e9 par l\u2019Union europ\u00e9enne dans le cadre du programme op\u00e9rationnel FEDER\/ FSE R\u00e9gion Normandie 2014-2020.<\/em><\/p>\n\n\n\n<p><em>The European project EquipInnovCaen2022 \u2013 BioPCA is funded by the European Union within the framework of the Operational Programme ERDF\/ESF R\u00e9gion Normandie 2014-2020.<\/em><\/p>\n\n\n\n<figure class=\"wp-block-image size-full\"><img loading=\"lazy\" decoding=\"async\" width=\"980\" height=\"251\" src=\"https:\/\/abte.eu\/wp-content\/uploads\/2020\/02\/banniere-region-etat-FEDER-1.jpg\" alt=\"\" class=\"wp-image-1225\" srcset=\"https:\/\/abte.eu\/wp-content\/uploads\/2020\/02\/banniere-region-etat-FEDER-1.jpg 980w, https:\/\/abte.eu\/wp-content\/uploads\/2020\/02\/banniere-region-etat-FEDER-1-300x77.jpg 300w, https:\/\/abte.eu\/wp-content\/uploads\/2020\/02\/banniere-region-etat-FEDER-1-768x197.jpg 768w\" sizes=\"auto, (max-width: 709px) 85vw, (max-width: 909px) 67vw, (max-width: 1362px) 62vw, 840px\" \/><\/figure>\n","protected":false},"excerpt":{"rendered":"<p>Plateforme BioProc\u00e9d\u00e9s et Analyses &#8211; BioPCA La&nbsp;plateforme BioPCA en cr\u00e9ation a pour objectifs (1) de d\u00e9velopper des (bio)proc\u00e9d\u00e9s \u00e9co-responsables pour la&nbsp;transformation microbiologique de gisements de&nbsp;bioressources locales en&nbsp;bioplastiques (synth\u00e8se de mat\u00e9riaux biosourc\u00e9s) et (2) d\u2019accompagner des recherches&nbsp;sur des m\u00e9thodologies de&nbsp;caract\u00e9risation de polluants organiques d\u2019origine&nbsp;anthropique tels que les hydrocarbures aromatiques et les microplastiques.&nbsp;La d\u00e9termination de ces contaminants &hellip; <a href=\"https:\/\/abte.eu\/index.php\/plateformes\/biopca\/\" class=\"more-link\">Continuer la lecture<span class=\"screen-reader-text\"> de &laquo;&nbsp;BioPCA&nbsp;&raquo;<\/span><\/a><\/p>\n","protected":false},"author":1,"featured_media":0,"parent":54,"menu_order":2,"comment_status":"closed","ping_status":"closed","template":"","meta":{"footnotes":""},"class_list":["post-2131","page","type-page","status-publish","hentry"],"_links":{"self":[{"href":"https:\/\/abte.eu\/index.php\/wp-json\/wp\/v2\/pages\/2131","targetHints":{"allow":["GET"]}}],"collection":[{"href":"https:\/\/abte.eu\/index.php\/wp-json\/wp\/v2\/pages"}],"about":[{"href":"https:\/\/abte.eu\/index.php\/wp-json\/wp\/v2\/types\/page"}],"author":[{"embeddable":true,"href":"https:\/\/abte.eu\/index.php\/wp-json\/wp\/v2\/users\/1"}],"replies":[{"embeddable":true,"href":"https:\/\/abte.eu\/index.php\/wp-json\/wp\/v2\/comments?post=2131"}],"version-history":[{"count":5,"href":"https:\/\/abte.eu\/index.php\/wp-json\/wp\/v2\/pages\/2131\/revisions"}],"predecessor-version":[{"id":2161,"href":"https:\/\/abte.eu\/index.php\/wp-json\/wp\/v2\/pages\/2131\/revisions\/2161"}],"up":[{"embeddable":true,"href":"https:\/\/abte.eu\/index.php\/wp-json\/wp\/v2\/pages\/54"}],"wp:attachment":[{"href":"https:\/\/abte.eu\/index.php\/wp-json\/wp\/v2\/media?parent=2131"}],"curies":[{"name":"wp","href":"https:\/\/api.w.org\/{rel}","templated":true}]}}