{"id":21,"date":"2016-12-22T19:32:35","date_gmt":"2016-12-22T18:32:35","guid":{"rendered":"http:\/\/abte.eu\/?page_id=21"},"modified":"2024-06-17T10:23:25","modified_gmt":"2024-06-17T08:23:25","slug":"toxemac","status":"publish","type":"page","link":"https:\/\/abte.eu\/index.php\/toxemac\/","title":{"rendered":"ToxEMAC"},"content":{"rendered":"<p><strong>Toxicologie de l&rsquo;Environnement, Milieux A\u00e9riens et Cancers<\/strong><\/p>\n<p>Responsable : Christelle Monteil<\/p>\n<p>Responsable adjoint : David Garon<\/p>\n<p>L\u2019\u00e9quipe ToxEMAC s&rsquo;int\u00e9resse \u00e0 l\u2019impact des polluants a\u00e9riens sur la sant\u00e9 humaine. La pollution de l\u2019air est un probl\u00e8me de sant\u00e9 publique majeur et serait responsable, au niveau mondial, de 7 millions de d\u00e9c\u00e8s pr\u00e9matur\u00e9s par an. Ces derni\u00e8res estimations de l\u2019OMS placent la pollution de l\u2019air comme risque environnemental principal pour la sant\u00e9, responsable de l\u2019apparition de maladies respiratoires, du d\u00e9veloppement de maladies cardiovasculaires et de cancers. Dans ce contexte, les objectifs scientifiques de l\u2019\u00e9quipe visent \u00e0\u00a0:<\/p>\n<ul>\n<li>investiguer les m\u00e9canismes de toxicit\u00e9 induits lors de l\u2019inhalation de polluants gazeux et particulaires, aux niveaux respiratoire et cardiovasculaire. Nous nous int\u00e9ressons plus sp\u00e9cifiquement aux m\u00e9canismes de g\u00e9notoxicit\u00e9, de toxicit\u00e9 mitochondriale et de stress oxydant\u00a0;<\/li>\n<li>identifier et caract\u00e9riser du point de vue physico-chimique et microbiologique des contaminants a\u00e9riens \u00e9mergents, notamment micro- et nanoparticulaires, et des bioa\u00e9rosols issus des pollutions d\u2019origines anthropiques ou naturelles.<\/li>\n<\/ul>\n<p>Ces objectifs sont d\u00e9clin\u00e9s en deux axes selon la nature des polluants\u00a0:<\/p>\n<ul>\n<li>Axe 1\u00a0: <strong>Polluants chimiques et particulaires <\/strong>(responsables : V\u00e9ronique Andr\u00e9 et C\u00e9cile Corbi\u00e8re)<\/li>\n<li>Axe 2\u00a0: <strong>Bioa\u00e9rosols, Biodiversit\u00e9 fongique et Sant\u00e9 <\/strong>(responsable\u00a0: David Garon)<\/li>\n<\/ul>\n<p>L&rsquo;expertise de l&rsquo;\u00e9quipe dans l\u2019\u00e9tude des m\u00e9canismes de g\u00e9notoxicit\u00e9, de toxicit\u00e9 mitochondriale et de stress oxydant est mise au service de l&rsquo;\u00e9tude de la toxicit\u00e9 induite sur les tissus sains par un traitement innovant de certains cancers, l\u2019hadronth\u00e9rapie. Cet objectif se d\u00e9cline en un axe suppl\u00e9mentaire\u00a0:<\/p>\n<ul>\n<li>Axe 3 :\u00a0<strong>Toxicit\u00e9 li\u00e9e \u00e0 l\u2019irradiation des tissus sains <\/strong>(responsable\u00a0: Carine Laurent)<\/li>\n<\/ul>\n<p>L&rsquo;\u00e9quipe ToxEMAC est localis\u00e9e \u00e0 Caen dans le b\u00e2timent recherche du <a href=\"http:\/\/www.baclesse.fr\/\">CLCC Fran\u00e7ois Baclesse<\/a> et sur le campus 1 de l&rsquo;Universit\u00e9 de Caen Normandie, et \u00e0 Rouen dans la b\u00e2timent recherche de l&rsquo;UFR Sant\u00e9. Elle h\u00e9berge la cellule expertise, reconnaissance et \u00e9tudes en mycologie (<a href=\"https:\/\/abte.eu\/wp-content\/uploads\/2024\/06\/plaquette-EREM-2024_FR.pdf\" target=\"_blank\" rel=\"noopener\">Plaquette EREM<\/a> &#8211; <a href=\"https:\/\/abte.eu\/wp-content\/uploads\/2024\/06\/plaquette-EREM_2024_EN.pdf\" target=\"_blank\" rel=\"noopener\">EREM leaflet<\/a>).<\/p>\n<p>L&rsquo;\u00e9quipe ToxEMAC est membre du <a href=\"https:\/\/gdr-repro.cnrs.fr\/\">GdR \u00ab Approche int\u00e9grative et translationnelle de la reproduction animale et humaine \u00bb.<\/a><\/p>\n\n<div class=\"wp-block-image\">\n<figure class=\"aligncenter size-full\"><img loading=\"lazy\" decoding=\"async\" width=\"1000\" height=\"126\" src=\"https:\/\/abte.eu\/wp-content\/uploads\/2022\/02\/Banniere-ToxEMAC.jpg\" alt=\"\" class=\"wp-image-1833\" srcset=\"https:\/\/abte.eu\/wp-content\/uploads\/2022\/02\/Banniere-ToxEMAC.jpg 1000w, https:\/\/abte.eu\/wp-content\/uploads\/2022\/02\/Banniere-ToxEMAC-300x38.jpg 300w, https:\/\/abte.eu\/wp-content\/uploads\/2022\/02\/Banniere-ToxEMAC-768x97.jpg 768w\" sizes=\"auto, (max-width: 709px) 85vw, (max-width: 909px) 67vw, (max-width: 1362px) 62vw, 840px\" \/><\/figure>\n<\/div>","protected":false},"excerpt":{"rendered":"<p>Toxicologie de l&rsquo;Environnement, Milieux A\u00e9riens et Cancers Responsable : Christelle Monteil Responsable adjoint : David Garon L\u2019\u00e9quipe ToxEMAC s&rsquo;int\u00e9resse \u00e0 l\u2019impact des polluants a\u00e9riens sur la sant\u00e9 humaine. La pollution de l\u2019air est un probl\u00e8me de sant\u00e9 publique majeur et serait responsable, au niveau mondial, de 7 millions de d\u00e9c\u00e8s pr\u00e9matur\u00e9s par an. Ces derni\u00e8res &hellip; <a href=\"https:\/\/abte.eu\/index.php\/toxemac\/\" class=\"more-link\">Continuer la lecture<span class=\"screen-reader-text\"> de &laquo;&nbsp;ToxEMAC&nbsp;&raquo;<\/span><\/a><\/p>\n","protected":false},"author":1,"featured_media":0,"parent":0,"menu_order":0,"comment_status":"closed","ping_status":"closed","template":"","meta":{"footnotes":""},"class_list":["post-21","page","type-page","status-publish","hentry"],"_links":{"self":[{"href":"https:\/\/abte.eu\/index.php\/wp-json\/wp\/v2\/pages\/21","targetHints":{"allow":["GET"]}}],"collection":[{"href":"https:\/\/abte.eu\/index.php\/wp-json\/wp\/v2\/pages"}],"about":[{"href":"https:\/\/abte.eu\/index.php\/wp-json\/wp\/v2\/types\/page"}],"author":[{"embeddable":true,"href":"https:\/\/abte.eu\/index.php\/wp-json\/wp\/v2\/users\/1"}],"replies":[{"embeddable":true,"href":"https:\/\/abte.eu\/index.php\/wp-json\/wp\/v2\/comments?post=21"}],"version-history":[{"count":24,"href":"https:\/\/abte.eu\/index.php\/wp-json\/wp\/v2\/pages\/21\/revisions"}],"predecessor-version":[{"id":2355,"href":"https:\/\/abte.eu\/index.php\/wp-json\/wp\/v2\/pages\/21\/revisions\/2355"}],"wp:attachment":[{"href":"https:\/\/abte.eu\/index.php\/wp-json\/wp\/v2\/media?parent=21"}],"curies":[{"name":"wp","href":"https:\/\/api.w.org\/{rel}","templated":true}]}}