{"id":1596,"date":"2021-04-09T14:22:31","date_gmt":"2021-04-09T12:22:31","guid":{"rendered":"https:\/\/abte.eu\/?page_id=1596"},"modified":"2021-04-15T09:52:33","modified_gmt":"2021-04-15T07:52:33","slug":"cover-conception-dune-solution-naturelle-de-protection-des-cuirs-lors-de-labattage-vers-la-minimisation-du-risque-sanitaire","status":"publish","type":"page","link":"https:\/\/abte.eu\/index.php\/malim\/cover-conception-dune-solution-naturelle-de-protection-des-cuirs-lors-de-labattage-vers-la-minimisation-du-risque-sanitaire\/","title":{"rendered":"COVER : COnception d\u2019une solution naturelle de protection des cuirs lors de l\u2019abattage VERs la minimisation du risque sanitaire"},"content":{"rendered":"\n<div class=\"wp-block-columns is-layout-flex wp-container-core-columns-is-layout-9d6595d7 wp-block-columns-is-layout-flex\">\n<div class=\"wp-block-column is-layout-flow wp-block-column-is-layout-flow\">\n<figure class=\"wp-block-image size-large\"><img loading=\"lazy\" decoding=\"async\" width=\"300\" height=\"251\" src=\"https:\/\/abte.eu\/wp-content\/uploads\/2019\/07\/langfr-300px-Logo_R\u00e9gion_Normandie.svg_.png\" alt=\"\" class=\"wp-image-1039\"\/><\/figure>\n<\/div>\n\n\n\n<div class=\"wp-block-column is-layout-flow wp-block-column-is-layout-flow\">\n<figure class=\"wp-block-image size-large\"><img loading=\"lazy\" decoding=\"async\" width=\"211\" height=\"239\" src=\"https:\/\/abte.eu\/wp-content\/uploads\/2021\/04\/feader-new.png\" alt=\"\" class=\"wp-image-1597\"\/><\/figure>\n<\/div>\n\n\n\n<div class=\"wp-block-column is-layout-flow wp-block-column-is-layout-flow\">\n<figure class=\"wp-block-image size-large\"><img loading=\"lazy\" decoding=\"async\" width=\"269\" height=\"187\" src=\"https:\/\/abte.eu\/wp-content\/uploads\/2021\/04\/idele.png\" alt=\"\" class=\"wp-image-1598\"\/><\/figure>\n<\/div>\n<\/div>\n\n\n\n<p>Ce projet est cofinanc\u00e9 par l\u2019Union europ\u00e9enne (<a rel=\"noreferrer noopener\" href=\"https:\/\/ec.europa.eu\/info\/food-farming-fisheries\/key-policies\/common-agricultural-policy\/rural-development_fr\" target=\"_blank\">FEADER<\/a>) et la R\u00e9gion Normandie.<\/p>\n\n\n\n<p>Le projet COVER est un projet de collaboration de recherche sur 36 mois entre l\u2019Institut de l\u2019\u00e9levage et l\u2019Universit\u00e9 de Caen Normandie. Le principal objectif de ce projet est de mettre \u00e0 disposition des abattoirs une solution innovante leur permettant de limiter les contaminations de carcasses transmises par les cuirs des animaux lors du processus d\u2019abattage. Pour cela, une protection sous forme de gel naturel sera administr\u00e9e \u00e0 la surface des cuirs de gros bovins. Cette couche protectrice fixera les souillures de surface de fa\u00e7on \u00e0 limiter les contaminations f\u00e9cales pouvant \u00eatre transmises \u00e0 l\u2019abattage, du cuir vers la carcasse.<\/p>\n\n\n\n<p>En effet, lors de l&rsquo;abattage des animaux, le processus d&rsquo;habillage des carcasses, critique pour les risques connus de contamination microbienne, est une \u00e9tape charni\u00e8re. A ce stade, les souillures pr\u00e9sentes sur les cuirs de l\u2019animal peuvent \u00eatre transf\u00e9r\u00e9es sur la carcasse et sur la viande. Contrairement \u00e0 d\u2019autres fili\u00e8res agro-alimentaires, la fili\u00e8re viande ne fait pas appel \u00e0 des proc\u00e9d\u00e9s de protection par des films biologiques pour am\u00e9liorer la conservation et la dur\u00e9e de vie des viandes, l\u2019ajout de compos\u00e9s chimiques \u00e9tant interdit par la r\u00e9glementation. L\u2019id\u00e9e n\u2019est donc pas d\u2019utiliser cette technologie sur viandes mais sur les cuirs pouvant contaminer la carcasse lors de la phase d\u2019habillage, limitant ainsi les risques de transfert. &nbsp;La mise en place de cette solution naturelle aura pour objectif d\u2019\u00eatre non destructive des cuirs et de permettre leur valorisation sans modification du circuit.<\/p>\n\n\n\n<p>L\u2019objectif principal de ce projet se d\u00e9cline en objectifs secondaires qui sont&nbsp;les suivant&nbsp;:<\/p>\n\n\n\n<ul class=\"wp-block-list\"><li>Mise au point des prototypes de films protecteurs<\/li><li>Caract\u00e9risation des films protecteurs (maillage, perm\u00e9abilit\u00e9)<\/li><li>Tests des films en conditions de laboratoire<\/li><li>Essais terrains de films protecteurs sur cuirs d\u2019animaux<\/li><li>Diffusion des r\u00e9sultats et transfert \u00e0 l\u2019ensemble de la fili\u00e8re<\/li><\/ul>\n\n\n\n<p>Les r\u00e9sultats du projet COVER permettront d\u2019accompagner l\u2019ensemble d\u2019une fili\u00e8re sur une strat\u00e9gie collective vers un nouvel outil de diminution du risque sanitaire lors de l\u2019abattage.<\/p>\n","protected":false},"excerpt":{"rendered":"<p>Ce projet est cofinanc\u00e9 par l\u2019Union europ\u00e9enne (FEADER) et la R\u00e9gion Normandie. Le projet COVER est un projet de collaboration de recherche sur 36 mois entre l\u2019Institut de l\u2019\u00e9levage et l\u2019Universit\u00e9 de Caen Normandie. Le principal objectif de ce projet est de mettre \u00e0 disposition des abattoirs une solution innovante leur permettant de limiter les &hellip; <a href=\"https:\/\/abte.eu\/index.php\/malim\/cover-conception-dune-solution-naturelle-de-protection-des-cuirs-lors-de-labattage-vers-la-minimisation-du-risque-sanitaire\/\" class=\"more-link\">Continuer la lecture<span class=\"screen-reader-text\"> de &laquo;&nbsp;COVER : COnception d\u2019une solution naturelle de protection des cuirs lors de l\u2019abattage VERs la minimisation du risque sanitaire&nbsp;&raquo;<\/span><\/a><\/p>\n","protected":false},"author":2,"featured_media":0,"parent":14,"menu_order":0,"comment_status":"closed","ping_status":"closed","template":"","meta":{"footnotes":""},"class_list":["post-1596","page","type-page","status-publish","hentry"],"_links":{"self":[{"href":"https:\/\/abte.eu\/index.php\/wp-json\/wp\/v2\/pages\/1596","targetHints":{"allow":["GET"]}}],"collection":[{"href":"https:\/\/abte.eu\/index.php\/wp-json\/wp\/v2\/pages"}],"about":[{"href":"https:\/\/abte.eu\/index.php\/wp-json\/wp\/v2\/types\/page"}],"author":[{"embeddable":true,"href":"https:\/\/abte.eu\/index.php\/wp-json\/wp\/v2\/users\/2"}],"replies":[{"embeddable":true,"href":"https:\/\/abte.eu\/index.php\/wp-json\/wp\/v2\/comments?post=1596"}],"version-history":[{"count":2,"href":"https:\/\/abte.eu\/index.php\/wp-json\/wp\/v2\/pages\/1596\/revisions"}],"predecessor-version":[{"id":1614,"href":"https:\/\/abte.eu\/index.php\/wp-json\/wp\/v2\/pages\/1596\/revisions\/1614"}],"up":[{"embeddable":true,"href":"https:\/\/abte.eu\/index.php\/wp-json\/wp\/v2\/pages\/14"}],"wp:attachment":[{"href":"https:\/\/abte.eu\/index.php\/wp-json\/wp\/v2\/media?parent=1596"}],"curies":[{"name":"wp","href":"https:\/\/api.w.org\/{rel}","templated":true}]}}