{"id":1574,"date":"2021-03-16T15:32:40","date_gmt":"2021-03-16T14:32:40","guid":{"rendered":"https:\/\/abte.eu\/?page_id=1574"},"modified":"2021-03-18T13:55:09","modified_gmt":"2021-03-18T12:55:09","slug":"detection-et-accompagnement-des-producteurs-face-aux-e-coli-stec-projet-detec-stec","status":"publish","type":"page","link":"https:\/\/abte.eu\/index.php\/malim\/detection-et-accompagnement-des-producteurs-face-aux-e-coli-stec-projet-detec-stec\/","title":{"rendered":"D\u00e9tection et accompagnement des producteurs face aux E. coli STEC : projet DETEC STEC"},"content":{"rendered":"\n<p class=\"has-bright-blue-color has-text-color\"><strong>Ce projet est cofinanc\u00e9 par l\u2019Union europ\u00e9enne (<a href=\"https:\/\/ec.europa.eu\/info\/food-farming-fisheries\/key-policies\/common-agricultural-policy\/rural-development_fr\" target=\"_blank\" rel=\"noreferrer noopener\">FEADER<\/a>) et la R\u00e9gion Normandie<\/strong><\/p>\n\n\n\n<figure class=\"wp-block-image size-large is-resized\"><img loading=\"lazy\" decoding=\"async\" src=\"https:\/\/abte.eu\/wp-content\/uploads\/2020\/03\/Feader-Region-png.png\" alt=\"\" class=\"wp-image-1278\" width=\"391\" height=\"185\" srcset=\"https:\/\/abte.eu\/wp-content\/uploads\/2020\/03\/Feader-Region-png.png 562w, https:\/\/abte.eu\/wp-content\/uploads\/2020\/03\/Feader-Region-png-300x142.png 300w\" sizes=\"auto, (max-width: 391px) 85vw, 391px\" \/><\/figure>\n\n\n\n<div class=\"wp-block-group\"><div class=\"wp-block-group__inner-container is-layout-flow wp-block-group-is-layout-flow\">\n<div class=\"wp-block-columns is-layout-flex wp-container-core-columns-is-layout-9d6595d7 wp-block-columns-is-layout-flex\">\n<div class=\"wp-block-column is-layout-flow wp-block-column-is-layout-flow\">\n<figure class=\"wp-block-image size-large is-resized\"><img loading=\"lazy\" decoding=\"async\" src=\"https:\/\/abte.eu\/wp-content\/uploads\/2021\/03\/logo-ODG-2018.jpg\" alt=\"\" class=\"wp-image-1575\" width=\"180\" height=\"88\" srcset=\"https:\/\/abte.eu\/wp-content\/uploads\/2021\/03\/logo-ODG-2018.jpg 650w, https:\/\/abte.eu\/wp-content\/uploads\/2021\/03\/logo-ODG-2018-300x148.jpg 300w\" sizes=\"auto, (max-width: 180px) 85vw, 180px\" \/><\/figure>\n<\/div>\n\n\n\n<div class=\"wp-block-column is-layout-flow wp-block-column-is-layout-flow\">\n<figure class=\"wp-block-image size-large is-resized\"><img loading=\"lazy\" decoding=\"async\" src=\"https:\/\/abte.eu\/wp-content\/uploads\/2019\/10\/Logo-Unicaen-e1571847400501.png\" alt=\"\" class=\"wp-image-1080\" width=\"178\" height=\"177\"\/><\/figure>\n<\/div>\n<\/div>\n<\/div><\/div>\n\n\n\n<p><em>Plan de DETECtion et de surveillance renforc\u00e9e pour le germe e.coli STEC pour la fili\u00e8res des fromages AOP de Normandie<\/em><\/p>\n\n\n\n<p>Ce projet vise \u00e0 tester sur le site d\u2019une fromagerie pilote un plan de d\u00e9tection renforc\u00e9e des <em>E. coli<\/em> STEC d\u00e8s la phase de d\u00e9potage du lait collect\u00e9. Ce plan de d\u00e9tection se base sur des analyses de filtres \u00e0 lait sur ligne de d\u00e9potage et sur filtres \u00e0 lait des producteurs de lait, le cas \u00e9ch\u00e9ant. Une dizaine d\u2019\u00e9leveurs seront accompagn\u00e9s dans le cadre du projet pour d\u00e9terminer les causes de la contamination en STEC et mettre en place un protocole adapt\u00e9 pour la maitrise des STEC. Pour les producteurs de lait suivis, des analyses floristiques seront r\u00e9alis\u00e9es pour \u00e9valuer l\u2019impact du protocole mis en place sur les flores technologiques des laits crus.<\/p>\n\n\n\n<p>P\u00e9riode&nbsp;: mars 2020 \u2013 novembre 2021<\/p>\n","protected":false},"excerpt":{"rendered":"<p>Ce projet est cofinanc\u00e9 par l\u2019Union europ\u00e9enne (FEADER) et la R\u00e9gion Normandie Plan de DETECtion et de surveillance renforc\u00e9e pour le germe e.coli STEC pour la fili\u00e8res des fromages AOP de Normandie Ce projet vise \u00e0 tester sur le site d\u2019une fromagerie pilote un plan de d\u00e9tection renforc\u00e9e des E. coli STEC d\u00e8s la phase &hellip; <a href=\"https:\/\/abte.eu\/index.php\/malim\/detection-et-accompagnement-des-producteurs-face-aux-e-coli-stec-projet-detec-stec\/\" class=\"more-link\">Continuer la lecture<span class=\"screen-reader-text\"> de &laquo;&nbsp;D\u00e9tection et accompagnement des producteurs face aux E. coli STEC : projet DETEC STEC&nbsp;&raquo;<\/span><\/a><\/p>\n","protected":false},"author":2,"featured_media":0,"parent":14,"menu_order":0,"comment_status":"closed","ping_status":"closed","template":"","meta":{"footnotes":""},"class_list":["post-1574","page","type-page","status-publish","hentry"],"_links":{"self":[{"href":"https:\/\/abte.eu\/index.php\/wp-json\/wp\/v2\/pages\/1574","targetHints":{"allow":["GET"]}}],"collection":[{"href":"https:\/\/abte.eu\/index.php\/wp-json\/wp\/v2\/pages"}],"about":[{"href":"https:\/\/abte.eu\/index.php\/wp-json\/wp\/v2\/types\/page"}],"author":[{"embeddable":true,"href":"https:\/\/abte.eu\/index.php\/wp-json\/wp\/v2\/users\/2"}],"replies":[{"embeddable":true,"href":"https:\/\/abte.eu\/index.php\/wp-json\/wp\/v2\/comments?post=1574"}],"version-history":[{"count":4,"href":"https:\/\/abte.eu\/index.php\/wp-json\/wp\/v2\/pages\/1574\/revisions"}],"predecessor-version":[{"id":1581,"href":"https:\/\/abte.eu\/index.php\/wp-json\/wp\/v2\/pages\/1574\/revisions\/1581"}],"up":[{"embeddable":true,"href":"https:\/\/abte.eu\/index.php\/wp-json\/wp\/v2\/pages\/14"}],"wp:attachment":[{"href":"https:\/\/abte.eu\/index.php\/wp-json\/wp\/v2\/media?parent=1574"}],"curies":[{"name":"wp","href":"https:\/\/api.w.org\/{rel}","templated":true}]}}