{"id":1378,"date":"2020-09-08T11:50:22","date_gmt":"2020-09-08T09:50:22","guid":{"rendered":"http:\/\/abte.eu\/?page_id=1378"},"modified":"2021-03-18T13:55:47","modified_gmt":"2021-03-18T12:55:47","slug":"developpement-du-lait-cru-dans-les-filieres-des-fromages-aop-de-normandie-projet-defi","status":"publish","type":"page","link":"https:\/\/abte.eu\/index.php\/malim\/developpement-du-lait-cru-dans-les-filieres-des-fromages-aop-de-normandie-projet-defi\/","title":{"rendered":"D\u00e9veloppement du lait cru dans les Fili\u00e8res des fromages AOP de Normandie : projet DEFI"},"content":{"rendered":"\n<p><\/p>\n\n\n\n<p>Le projet DEFI a pour ambition de doter la fili\u00e8re d\u2019outils pour d\u00e9velopper le lait cru. Le projet visera notamment \u00e0 1\/ proposer un audit de bios\u00e9curit\u00e9 et un accompagnement sp\u00e9cifique pour 130 producteurs de lait AOP au lait cru pour leur permettre de s\u00e9curiser la production du lait cru ; 2\/ caract\u00e9riser la flore d\u2019int\u00e9r\u00eat technologique des laits de 30 producteurs de lait AOP en lien avec les pratiques d\u2019\u00e9levage et le niveau de ma\u00eetrise de la bios\u00e9curit\u00e9 des exploitations.<\/p>\n\n\n\n<p>P\u00e9riode : <strong>07\/2020 \u2013 06\/2022<\/strong><\/p>\n\n\n\n<p>Ce projet est cofinanc\u00e9 par l\u2019Union europ\u00e9enne (<a href=\"https:\/\/ec.europa.eu\/info\/food-farming-fisheries\/key-policies\/common-agricultural-policy\/rural-development_fr\" target=\"_blank\" rel=\"noreferrer noopener\">FEADER<\/a>) et la R\u00e9gion Normandie.<\/p>\n\n\n\n<div class=\"wp-block-image\"><figure class=\"aligncenter size-large\"><img loading=\"lazy\" decoding=\"async\" width=\"348\" height=\"174\" src=\"http:\/\/abte.eu\/wp-content\/uploads\/2020\/09\/image.png\" alt=\"\" class=\"wp-image-1380\" srcset=\"https:\/\/abte.eu\/wp-content\/uploads\/2020\/09\/image.png 348w, https:\/\/abte.eu\/wp-content\/uploads\/2020\/09\/image-300x150.png 300w\" sizes=\"auto, (max-width: 348px) 85vw, 348px\" \/><\/figure><\/div>\n\n\n\n<div class=\"wp-block-image\"><figure class=\"aligncenter size-large\"><img loading=\"lazy\" decoding=\"async\" width=\"422\" height=\"108\" src=\"http:\/\/abte.eu\/wp-content\/uploads\/2020\/09\/image-1.png\" alt=\"\" class=\"wp-image-1381\" srcset=\"https:\/\/abte.eu\/wp-content\/uploads\/2020\/09\/image-1.png 422w, https:\/\/abte.eu\/wp-content\/uploads\/2020\/09\/image-1-300x77.png 300w\" sizes=\"auto, (max-width: 422px) 85vw, 422px\" \/><\/figure><\/div>\n\n\n\n<p><\/p>\n","protected":false},"excerpt":{"rendered":"<p>Le projet DEFI a pour ambition de doter la fili\u00e8re d\u2019outils pour d\u00e9velopper le lait cru. Le projet visera notamment \u00e0 1\/ proposer un audit de bios\u00e9curit\u00e9 et un accompagnement sp\u00e9cifique pour 130 producteurs de lait AOP au lait cru pour leur permettre de s\u00e9curiser la production du lait cru ; 2\/ caract\u00e9riser la flore &hellip; <a href=\"https:\/\/abte.eu\/index.php\/malim\/developpement-du-lait-cru-dans-les-filieres-des-fromages-aop-de-normandie-projet-defi\/\" class=\"more-link\">Continuer la lecture<span class=\"screen-reader-text\"> de &laquo;&nbsp;D\u00e9veloppement du lait cru dans les Fili\u00e8res des fromages AOP de Normandie : projet DEFI&nbsp;&raquo;<\/span><\/a><\/p>\n","protected":false},"author":2,"featured_media":0,"parent":14,"menu_order":0,"comment_status":"closed","ping_status":"closed","template":"","meta":{"footnotes":""},"class_list":["post-1378","page","type-page","status-publish","hentry"],"_links":{"self":[{"href":"https:\/\/abte.eu\/index.php\/wp-json\/wp\/v2\/pages\/1378","targetHints":{"allow":["GET"]}}],"collection":[{"href":"https:\/\/abte.eu\/index.php\/wp-json\/wp\/v2\/pages"}],"about":[{"href":"https:\/\/abte.eu\/index.php\/wp-json\/wp\/v2\/types\/page"}],"author":[{"embeddable":true,"href":"https:\/\/abte.eu\/index.php\/wp-json\/wp\/v2\/users\/2"}],"replies":[{"embeddable":true,"href":"https:\/\/abte.eu\/index.php\/wp-json\/wp\/v2\/comments?post=1378"}],"version-history":[{"count":4,"href":"https:\/\/abte.eu\/index.php\/wp-json\/wp\/v2\/pages\/1378\/revisions"}],"predecessor-version":[{"id":1582,"href":"https:\/\/abte.eu\/index.php\/wp-json\/wp\/v2\/pages\/1378\/revisions\/1582"}],"up":[{"embeddable":true,"href":"https:\/\/abte.eu\/index.php\/wp-json\/wp\/v2\/pages\/14"}],"wp:attachment":[{"href":"https:\/\/abte.eu\/index.php\/wp-json\/wp\/v2\/media?parent=1378"}],"curies":[{"name":"wp","href":"https:\/\/api.w.org\/{rel}","templated":true}]}}