{"id":1216,"date":"2020-02-11T09:39:48","date_gmt":"2020-02-11T08:39:48","guid":{"rendered":"http:\/\/abte.eu\/?page_id=1216"},"modified":"2020-02-11T09:39:48","modified_gmt":"2020-02-11T08:39:48","slug":"rn-bee","status":"publish","type":"page","link":"https:\/\/abte.eu\/index.php\/rn-bee\/","title":{"rendered":"RN-BEE"},"content":{"rendered":"\n<figure class=\"wp-block-image size-large\"><img loading=\"lazy\" decoding=\"async\" width=\"980\" height=\"251\" src=\"http:\/\/abte.eu\/wp-content\/uploads\/2020\/02\/banniere-region-etat-FEDER.jpg\" alt=\"\" class=\"wp-image-1219\" srcset=\"https:\/\/abte.eu\/wp-content\/uploads\/2020\/02\/banniere-region-etat-FEDER.jpg 980w, https:\/\/abte.eu\/wp-content\/uploads\/2020\/02\/banniere-region-etat-FEDER-300x77.jpg 300w, https:\/\/abte.eu\/wp-content\/uploads\/2020\/02\/banniere-region-etat-FEDER-768x197.jpg 768w\" sizes=\"auto, (max-width: 709px) 85vw, (max-width: 909px) 67vw, (max-width: 1362px) 62vw, 840px\" \/><\/figure>\n\n\n\n<h3 class=\"has-text-align-center wp-block-heading\"><em>R\u00e9seau Normand &#8211; Biomarqueurs d&rsquo;Expositions Environnementales<\/em><\/h3>\n\n\n\n<p><strong>Pr\u00e9sentation du projet<\/strong><\/p>\n\n\n\n<p>Le lien\nentre exposition chronique \u00e0 des contaminants multiples de l\u2019environnement, comme\nles polluants a\u00e9riens, les perturbateurs endocriniens, les m\u00e9dicaments, les\nbiocides et les micro-organismes et la progression observ\u00e9e de pathologies\nmultifactorielles comme les maladies m\u00e9taboliques, cardio-vasculaires et les\ncancers constitue une pr\u00e9occupation majeure en sant\u00e9 publique. La part prise\npar l\u2019environnement dans ces pathologies reste complexe \u00e0 \u00e9valuer en raison de la\nmultiplicit\u00e9 des sources d\u2019exposition (alimentation, air, environnement\nprofessionnel ou domestique, \u2026), de leurs faibles concentrations mais surtout\nde la multiplicit\u00e9 des facteurs chimiques, biologiques et physiques auxquels\nnous sommes expos\u00e9s tout au long de notre vie et de la multiplicit\u00e9 des\nm\u00e9canismes toxiques en cause. L\u2019impact sanitaire d\u2019une telle multi-exposition\nchronique \u00e0 faibles doses reste donc \u00e0 ce jour largement m\u00e9connue. Dans ce\ncontexte, l\u2019\u00e9valuation du risque sanitaire li\u00e9 \u00e0 ces multi-expositions repose\nsur des mod\u00e8les d\u2019exposition biologiquement pertinents et des techniques\nd\u2019analyse globales performantes permettant d\u2019appr\u00e9hender les multi-expositions.\n<\/p>\n\n\n\n<p><strong>Objectifs<\/strong><\/p>\n\n\n\n<p>Le\npremier objectif du RIN RN-BEE vise \u00e0 d\u00e9velopper des biomarqueurs de dose\ninterne et de dose biologiquement active dans une d\u00e9marche d\u2019amont en\n\u00e9valuation du risque sanitaire pos\u00e9 par les multi-expositions\nenvironnementales. Pour ce faire, nous proposons de d\u00e9velopper des syst\u00e8mes\nd\u2019expositions <em>in vitro<\/em> innovants\nd\u00e9di\u00e9s aux mod\u00e8les cutan\u00e9s et respiratoires. Les outils analytiques de pointe\nqui seront utilis\u00e9s visent \u00e0 la mise au point et au dosage de biomarqueurs de\ndoses internes (produits et m\u00e9tabolites) et de dose biologiquement active, par\ndes approches telles que la m\u00e9tabolomique cibl\u00e9e et l\u2019adductomique. <\/p>\n\n\n\n<p>Le 2\u00e8me objectif du RIN RN-BEE porte sur la contamination de matrices alimentaires v\u00e9g\u00e9tales d\u00e9coulant de l&rsquo;adsorption, du transfert, de la m\u00e9tabolisation des polluants organiques environnementaux pouvant \u00eatre mise en \u00e9vidence par l&rsquo;apparition ou la disparition de biomarqueurs. <\/p>\n\n\n\n<p>Ce programme est men\u00e9 en collaboration avec les laboratoires U2RM de l&rsquo;Universit\u00e9 de Caen-Normandie et LMSM de l&rsquo;Universit\u00e9 de Rouen-Normandie.<\/p>\n\n\n\n<h3 class=\"wp-block-heading\"><strong>Ce projet est cofinanc\u00e9 par l\u2019Union europ\u00e9enne, la R\u00e9gion Normandie dans le cadre du programme op\u00e9rationnel FEDER\/ FSE 2014-2020.<\/strong><\/h3>\n","protected":false},"excerpt":{"rendered":"<p>R\u00e9seau Normand &#8211; Biomarqueurs d&rsquo;Expositions Environnementales Pr\u00e9sentation du projet Le lien entre exposition chronique \u00e0 des contaminants multiples de l\u2019environnement, comme les polluants a\u00e9riens, les perturbateurs endocriniens, les m\u00e9dicaments, les biocides et les micro-organismes et la progression observ\u00e9e de pathologies multifactorielles comme les maladies m\u00e9taboliques, cardio-vasculaires et les cancers constitue une pr\u00e9occupation majeure en sant\u00e9 &hellip; <a href=\"https:\/\/abte.eu\/index.php\/rn-bee\/\" class=\"more-link\">Continuer la lecture<span class=\"screen-reader-text\"> de &laquo;&nbsp;RN-BEE&nbsp;&raquo;<\/span><\/a><\/p>\n","protected":false},"author":1,"featured_media":0,"parent":0,"menu_order":0,"comment_status":"closed","ping_status":"closed","template":"","meta":{"footnotes":""},"class_list":["post-1216","page","type-page","status-publish","hentry"],"_links":{"self":[{"href":"https:\/\/abte.eu\/index.php\/wp-json\/wp\/v2\/pages\/1216","targetHints":{"allow":["GET"]}}],"collection":[{"href":"https:\/\/abte.eu\/index.php\/wp-json\/wp\/v2\/pages"}],"about":[{"href":"https:\/\/abte.eu\/index.php\/wp-json\/wp\/v2\/types\/page"}],"author":[{"embeddable":true,"href":"https:\/\/abte.eu\/index.php\/wp-json\/wp\/v2\/users\/1"}],"replies":[{"embeddable":true,"href":"https:\/\/abte.eu\/index.php\/wp-json\/wp\/v2\/comments?post=1216"}],"version-history":[{"count":5,"href":"https:\/\/abte.eu\/index.php\/wp-json\/wp\/v2\/pages\/1216\/revisions"}],"predecessor-version":[{"id":1224,"href":"https:\/\/abte.eu\/index.php\/wp-json\/wp\/v2\/pages\/1216\/revisions\/1224"}],"wp:attachment":[{"href":"https:\/\/abte.eu\/index.php\/wp-json\/wp\/v2\/media?parent=1216"}],"curies":[{"name":"wp","href":"https:\/\/api.w.org\/{rel}","templated":true}]}}