{"id":12,"date":"2016-12-22T19:27:41","date_gmt":"2016-12-22T18:27:41","guid":{"rendered":"http:\/\/abte.eu\/?page_id=12"},"modified":"2025-09-05T16:41:38","modified_gmt":"2025-09-05T14:41:38","slug":"ecotea","status":"publish","type":"page","link":"https:\/\/abte.eu\/index.php\/ecotea\/","title":{"rendered":"EcoTEA"},"content":{"rendered":"<p><strong>Ecoproc\u00e9d\u00e9s, Transferts vers l\u2019Environnement et les Aliments<\/strong><\/p>\n<p>Responsable : Jo\u00ebl Br\u00e9ard<\/p>\n<p>Responsable adjoint : David Corroler<\/p>\n<p>Face aux d\u00e9fis environnementaux que constituent les pollutions r\u00e9sultant des activit\u00e9s humaines, les recherches men\u00e9es au sein de l\u2019Equipe EcoTEA visent \u00e0 mieux comprendre et conna\u00eetre les pollutions organiques et m\u00e9talliques d\u2019origine anthropiques mais \u00e9galement d\u2019y apporter des solutions. L\u2019\u00e9quipe de recherche pluridisciplinaire (chimie analytique, g\u00e9nie des bioproc\u00e9d\u00e9s, g\u00e9ochimie, microbiologie) a pour but d\u2019\u00e9tudier les effets li\u00e9s \u00e0 l\u2019activit\u00e9 humaine en consid\u00e9rant deux volets de travail majeurs :<\/p>\n<p>\u2022 <strong>La caract\u00e9risation de pollutions d\u2019origine anthropique<\/strong><br \/>\nEn visant l\u2019\u00e9tude des polluants m\u00e9talliques et organiques \u00e0 l\u2019origine de la contamination des ressources v\u00e9g\u00e9tales ainsi qu\u2019\u00e0 leur d\u00e9termination dans diff\u00e9rents \u00e9cosyst\u00e8mes de l\u2019environnement (sols, s\u00e9diments). Les effets de l\u2019activit\u00e9 humaine sur ces \u00e9cosyst\u00e8mes sont \u00e9tudi\u00e9s afin d\u2019\u00e9tablir les degr\u00e9s de contamination en polluants cibl\u00e9s (m\u00e9taux, hydrocarbures aromatiques) et leur transfert et\/ou transformation en cas d\u2019exposition.<\/p>\n<p>\u2022 <strong>Le traitement et la valorisation de pollutions d\u2019origine anthropique<\/strong><br \/>\nEn visant les voies de valorisation d\u2019agro-ressources d\u2019origine v\u00e9g\u00e9tale au moyen d\u2019approches multi-\u00e9chelles : microscopique \u00e0 pilote. Les agro-ressources cibl\u00e9es sont plus pr\u00e9cis\u00e9ment d\u2019origine c\u00e9r\u00e9ali\u00e8re, ol\u00e9agineuse (valorisation en polyhydroxyalcanoates), fibreuse (lin) et algale (valorisation sous forme de spiruline). Les travaux portent sur la conception, l\u2019optimisation et la mise en \u0153uvre de proc\u00e9d\u00e9s de fermentations performants ainsi que sur le d\u00e9veloppement de syst\u00e8mes efficients d\u2019extraction\/purification des m\u00e9tabolites d\u2019int\u00e9r\u00eat.<\/p>\n<p>L\u2019\u00e9quipe EcoTEA est membre de la F\u00e9d\u00e9ration de Recherche S\u00e9SAD (S\u00e9curit\u00e9 Sanitaire et Aliments Durables) et s\u2019appuie sur une expertise confirm\u00e9e dans les domaines de la chimie analytique et des bioproc\u00e9d\u00e9s avec pour moyens d\u2019analyse un appareil de GC\/LC-HRMS (localisation au Centre de lutte contre le cancer Fran\u00e7ois Baclesse, \u00e9quipe ToxEMAC), des GC-MS, des HPLC (d\u00e9tections UV\/Vis, DAD, RI, \u2026), des ICP-AES, un MP-AES (localisation sur le site de Vire), un IRTF, \u2026 et pour moyens en bioproc\u00e9d\u00e9s plusieurs bior\u00e9acteurs automatis\u00e9s de 2 \u00e0 7 litres.<br \/>\nL\u2019\u00e9quipe EcoTEA est localis\u00e9e majoritairement dans le B\u00e2timent Sciences 2, sur le Campus 2 de l\u2019Universit\u00e9 de Caen Normandie mais \u00e9galement au sein de l\u2019IUT Grand Ouest Normandie (d\u00e9partements G\u00e9nie Biologique (Campus 2), G\u00e9nie Chimique G\u00e9nie des Proc\u00e9d\u00e9s (Campus 2), Hygi\u00e8ne S\u00e9curit\u00e9 Environnement (Campus de Vire).<\/p>\n<p>Adresse : B\u00e2timent Sciences 2, Campus 2, Universit\u00e9 de Caen Normandie, 6 Bd du Mar\u00e9chal Juin, 14032 Caen cedex<br \/>\nT\u00e9l\u00e9phone : 02 31 56 72 19<\/p>\n","protected":false},"excerpt":{"rendered":"<p>Ecoproc\u00e9d\u00e9s, Transferts vers l\u2019Environnement et les Aliments Responsable : Jo\u00ebl Br\u00e9ard Responsable adjoint : David Corroler Face aux d\u00e9fis environnementaux que constituent les pollutions r\u00e9sultant des activit\u00e9s humaines, les recherches men\u00e9es au sein de l\u2019Equipe EcoTEA visent \u00e0 mieux comprendre et conna\u00eetre les pollutions organiques et m\u00e9talliques d\u2019origine anthropiques mais \u00e9galement d\u2019y apporter des solutions. &hellip; <a href=\"https:\/\/abte.eu\/index.php\/ecotea\/\" class=\"more-link\">Continuer la lecture<span class=\"screen-reader-text\"> de &laquo;&nbsp;EcoTEA&nbsp;&raquo;<\/span><\/a><\/p>\n","protected":false},"author":1,"featured_media":0,"parent":0,"menu_order":0,"comment_status":"closed","ping_status":"closed","template":"","meta":{"footnotes":""},"class_list":["post-12","page","type-page","status-publish","hentry"],"_links":{"self":[{"href":"https:\/\/abte.eu\/index.php\/wp-json\/wp\/v2\/pages\/12","targetHints":{"allow":["GET"]}}],"collection":[{"href":"https:\/\/abte.eu\/index.php\/wp-json\/wp\/v2\/pages"}],"about":[{"href":"https:\/\/abte.eu\/index.php\/wp-json\/wp\/v2\/types\/page"}],"author":[{"embeddable":true,"href":"https:\/\/abte.eu\/index.php\/wp-json\/wp\/v2\/users\/1"}],"replies":[{"embeddable":true,"href":"https:\/\/abte.eu\/index.php\/wp-json\/wp\/v2\/comments?post=12"}],"version-history":[{"count":12,"href":"https:\/\/abte.eu\/index.php\/wp-json\/wp\/v2\/pages\/12\/revisions"}],"predecessor-version":[{"id":2590,"href":"https:\/\/abte.eu\/index.php\/wp-json\/wp\/v2\/pages\/12\/revisions\/2590"}],"wp:attachment":[{"href":"https:\/\/abte.eu\/index.php\/wp-json\/wp\/v2\/media?parent=12"}],"curies":[{"name":"wp","href":"https:\/\/api.w.org\/{rel}","templated":true}]}}