{"id":10,"date":"2016-12-22T19:26:50","date_gmt":"2016-12-22T18:26:50","guid":{"rendered":"http:\/\/abte.eu\/?page_id=10"},"modified":"2026-01-30T19:13:35","modified_gmt":"2026-01-30T18:13:35","slug":"presentation","status":"publish","type":"page","link":"https:\/\/abte.eu\/index.php\/presentation\/","title":{"rendered":"Pr\u00e9sentation"},"content":{"rendered":"\n<p>L\u2019unit\u00e9 de recherche ABTE a \u00e9t\u00e9 cr\u00e9\u00e9e en 2012 sous la double tutelle des universit\u00e9s de Caen et de Rouen. Son programme scientifique porte sur la qualit\u00e9 des aliments et des environnements et leurs impacts sur la sant\u00e9 humaine  et se d\u00e9cline en 2 axes transversaux :&nbsp;<\/p>\n\n\n\n<ol class=\"wp-block-list\">\n<li><strong>Ressources au service de l\u2019aliment, de l\u2019environnement et de la sant\u00e9&nbsp;:<\/strong><\/li>\n<\/ol>\n\n\n\n<ul class=\"wp-block-list\">\n<li><strong>pour des aliments sains et durables<\/strong>&nbsp;: d\u00e9crire les processus biologiques impliqu\u00e9s dans la construction des \u00e9cosyst\u00e8mes alimentaires, mesurer et comprendre le transfert des polluants anthropiques sur les ressources agricoles, identifier les leviers pour la production d\u2019aliments de qualit\u00e9 durable.<\/li>\n<\/ul>\n\n\n\n<ul class=\"wp-block-list\">\n<li><strong>pour un environnement sain et durable<\/strong>&nbsp;: valoriser les biomasses en combinant d\u00e9veloppement de bioproc\u00e9d\u00e9s et \u00e9tudes toxicologiques<\/li>\n<\/ul>\n\n\n\n<ul class=\"wp-block-list\">\n<li><strong>diversit\u00e9 biologique au service de l\u2019aliment, de l\u2019environnement et de la sant\u00e9<\/strong>&nbsp;: valoriser les collections biologiques constitu\u00e9es lors des travaux au service de l\u2019aliment&nbsp;: microorganismes d\u2019int\u00e9r\u00eat technologiques et organoleptiques, bioprotection, bact\u00e9riophages des aliments ferment\u00e9s&nbsp;; de l\u2019environnement par le d\u00e9veloppement de m\u00e9thodes de biorem\u00e9diation des sols pollu\u00e9s&nbsp;; et de la sant\u00e9 humaine en oncologie (m\u00e9decine int\u00e9grative) et en infectiologie.<\/li>\n<\/ul>\n\n\n\n<p>2. <strong>R\u00e9ponses biologiques aux multiexpositions et sant\u00e9<\/strong> :<\/p>\n\n\n\n<p>Il s\u2019agit ici d\u2019investiguer les r\u00e9ponses biologiques aux multiexpositions environnementales (polluants a\u00e9riens, changement globaux) et\/ou li\u00e9es \u00e0 des facteurs individuels comme les traitements m\u00e9dicaux sur l\u2019Homme ainsi que sur les v\u00e9g\u00e9taux et les microorganismes dans le but de d\u00e9velopper des outils d\u2019\u00e9valuation et de pr\u00e9vention des risques li\u00e9s aux multiexpositions.<\/p>\n\n\n\n<p>L\u2019UR ABTE est structur\u00e9e en trois \u00e9quipes internes :<\/p>\n\n\n\n<ul class=\"wp-block-list\">\n<li>Ecoproc\u00e9d\u00e9s, Transferts vers l&rsquo;Environnement et les Aliments (<a href=\"http:\/\/abte.eu\/index.php\/ecotea\/\">EcoTEA<\/a>)<\/li>\n\n\n\n<li>Matrices Alimentaires et Microbiotes (<a href=\"http:\/\/abte.eu\/index.php\/malim\/\">MALIM<\/a>)<\/li>\n\n\n\n<li>Toxicologie de l\u2019Environnement, Milieux A\u00e9riens et Cancers (<a href=\"http:\/\/abte.eu\/index.php\/toxemac\/\">ToxEMAC<\/a>)<\/li>\n<\/ul>\n\n\n\n<p>ABTE est membre des F\u00e9d\u00e9rations de Recherche S\u00e9SAD (S\u00e9curit\u00e9 Sanitaire et Aliments Durables) et IEPE (Institut Energie Propulsion Environnement) FR CNRS 3519.<\/p>\n\n\n<div class=\"wp-block-image\">\n<figure class=\"aligncenter size-large is-resized\"><img loading=\"lazy\" decoding=\"async\" width=\"1024\" height=\"384\" src=\"https:\/\/abte.eu\/wp-content\/uploads\/2021\/09\/Logo-SeSAD_CMJN-1024x384.png\" alt=\"\" class=\"wp-image-1676\" style=\"width:269px;height:101px\" srcset=\"https:\/\/abte.eu\/wp-content\/uploads\/2021\/09\/Logo-SeSAD_CMJN-1024x384.png 1024w, https:\/\/abte.eu\/wp-content\/uploads\/2021\/09\/Logo-SeSAD_CMJN-300x113.png 300w, https:\/\/abte.eu\/wp-content\/uploads\/2021\/09\/Logo-SeSAD_CMJN-768x288.png 768w, https:\/\/abte.eu\/wp-content\/uploads\/2021\/09\/Logo-SeSAD_CMJN.png 1167w\" sizes=\"auto, (max-width: 709px) 85vw, (max-width: 909px) 67vw, (max-width: 1362px) 62vw, 840px\" \/><\/figure>\n<\/div>\n\n\n<p>Plaquettes de pr\u00e9sentation : <\/p>\n\n\n\n<div class=\"wp-block-file\"><a id=\"wp-block-file--media-1c54a335-e982-45d9-b831-be7a31eee5fb\" href=\"https:\/\/abte.eu\/wp-content\/uploads\/2023\/03\/ABTE-WEB.pdf\">ABTE-WEB<\/a><a href=\"https:\/\/abte.eu\/wp-content\/uploads\/2023\/03\/ABTE-WEB.pdf\" class=\"wp-block-file__button wp-element-button\" download aria-describedby=\"wp-block-file--media-1c54a335-e982-45d9-b831-be7a31eee5fb\">T\u00e9l\u00e9charger<\/a><\/div>\n\n\n\n<div class=\"wp-block-file\"><a id=\"wp-block-file--media-14e74456-49fb-4909-9272-3db62de4ef5a\" href=\"https:\/\/abte.eu\/wp-content\/uploads\/2023\/03\/ABTE-PRINT.pdf\">ABTE-PRINT<\/a><a href=\"https:\/\/abte.eu\/wp-content\/uploads\/2023\/03\/ABTE-PRINT.pdf\" class=\"wp-block-file__button wp-element-button\" download aria-describedby=\"wp-block-file--media-14e74456-49fb-4909-9272-3db62de4ef5a\">T\u00e9l\u00e9charger<\/a><\/div>\n\n\n\n<p><\/p>\n\n\n\n<figure class=\"wp-block-image size-large\"><a href=\"https:\/\/www.youtube.com\/watch?v=-Q25565IaLo\" target=\"_blank\" rel=\"noreferrer noopener\"><img loading=\"lazy\" decoding=\"async\" width=\"1024\" height=\"572\" src=\"https:\/\/abte.eu\/wp-content\/uploads\/2024\/10\/Video-ABTE-1024x572.jpg\" alt=\"\" class=\"wp-image-2393\" srcset=\"https:\/\/abte.eu\/wp-content\/uploads\/2024\/10\/Video-ABTE-1024x572.jpg 1024w, https:\/\/abte.eu\/wp-content\/uploads\/2024\/10\/Video-ABTE-300x167.jpg 300w, https:\/\/abte.eu\/wp-content\/uploads\/2024\/10\/Video-ABTE-768x429.jpg 768w, https:\/\/abte.eu\/wp-content\/uploads\/2024\/10\/Video-ABTE.jpg 1091w\" sizes=\"auto, (max-width: 709px) 85vw, (max-width: 909px) 67vw, (max-width: 1362px) 62vw, 840px\" \/><\/a><\/figure>\n\n\n\n<div data-wp-interactive=\"core\/file\" class=\"wp-block-file\"><object data-wp-bind--hidden=\"!state.hasPdfPreview\" hidden class=\"wp-block-file__embed\" data=\"https:\/\/abte.eu\/wp-content\/uploads\/2026\/01\/Organigramme-ABTE-2026-02-01.pdf\" type=\"application\/pdf\" style=\"width:100%;height:600px\" aria-label=\"Contenu embarqu\u00e9 Organigramme ABTE 2026 02 01.\"><\/object><a id=\"wp-block-file--media-6705fb10-e0e8-44d5-9325-c8524c160ff1\" href=\"https:\/\/abte.eu\/wp-content\/uploads\/2026\/01\/Organigramme-ABTE-2026-02-01.pdf\">Organigramme ABTE 2026 02 01<\/a><a href=\"https:\/\/abte.eu\/wp-content\/uploads\/2026\/01\/Organigramme-ABTE-2026-02-01.pdf\" class=\"wp-block-file__button wp-element-button\" download aria-describedby=\"wp-block-file--media-6705fb10-e0e8-44d5-9325-c8524c160ff1\">T\u00e9l\u00e9charger<\/a><\/div>\n\n\n\n<figure class=\"wp-block-image size-full\"><img loading=\"lazy\" decoding=\"async\" width=\"852\" height=\"479\" src=\"https:\/\/abte.eu\/wp-content\/uploads\/2022\/02\/Logo-ABTE-2022.jpg\" alt=\"\" class=\"wp-image-1838\" srcset=\"https:\/\/abte.eu\/wp-content\/uploads\/2022\/02\/Logo-ABTE-2022.jpg 852w, https:\/\/abte.eu\/wp-content\/uploads\/2022\/02\/Logo-ABTE-2022-300x169.jpg 300w, https:\/\/abte.eu\/wp-content\/uploads\/2022\/02\/Logo-ABTE-2022-768x432.jpg 768w\" sizes=\"auto, (max-width: 709px) 85vw, (max-width: 909px) 67vw, (max-width: 1362px) 62vw, 840px\" \/><\/figure>\n","protected":false},"excerpt":{"rendered":"<p>L\u2019unit\u00e9 de recherche ABTE a \u00e9t\u00e9 cr\u00e9\u00e9e en 2012 sous la double tutelle des universit\u00e9s de Caen et de Rouen. Son programme scientifique porte sur la qualit\u00e9 des aliments et des environnements et leurs impacts sur la sant\u00e9 humaine et se d\u00e9cline en 2 axes transversaux :&nbsp; 2. R\u00e9ponses biologiques aux multiexpositions et sant\u00e9 : &hellip; <a href=\"https:\/\/abte.eu\/index.php\/presentation\/\" class=\"more-link\">Continuer la lecture<span class=\"screen-reader-text\"> de &laquo;&nbsp;Pr\u00e9sentation&nbsp;&raquo;<\/span><\/a><\/p>\n","protected":false},"author":1,"featured_media":0,"parent":0,"menu_order":0,"comment_status":"closed","ping_status":"closed","template":"","meta":{"footnotes":""},"class_list":["post-10","page","type-page","status-publish","hentry"],"_links":{"self":[{"href":"https:\/\/abte.eu\/index.php\/wp-json\/wp\/v2\/pages\/10","targetHints":{"allow":["GET"]}}],"collection":[{"href":"https:\/\/abte.eu\/index.php\/wp-json\/wp\/v2\/pages"}],"about":[{"href":"https:\/\/abte.eu\/index.php\/wp-json\/wp\/v2\/types\/page"}],"author":[{"embeddable":true,"href":"https:\/\/abte.eu\/index.php\/wp-json\/wp\/v2\/users\/1"}],"replies":[{"embeddable":true,"href":"https:\/\/abte.eu\/index.php\/wp-json\/wp\/v2\/comments?post=10"}],"version-history":[{"count":54,"href":"https:\/\/abte.eu\/index.php\/wp-json\/wp\/v2\/pages\/10\/revisions"}],"predecessor-version":[{"id":2732,"href":"https:\/\/abte.eu\/index.php\/wp-json\/wp\/v2\/pages\/10\/revisions\/2732"}],"wp:attachment":[{"href":"https:\/\/abte.eu\/index.php\/wp-json\/wp\/v2\/media?parent=10"}],"curies":[{"name":"wp","href":"https:\/\/api.w.org\/{rel}","templated":true}]}}